{"id":767,"date":"2024-12-01T14:54:39","date_gmt":"2024-12-01T14:54:39","guid":{"rendered":"https:\/\/labprodigi.com\/websitegestion\/?page_id=767"},"modified":"2024-12-07T22:25:51","modified_gmt":"2024-12-07T22:25:51","slug":"contrat-de-creation-de-site-web","status":"publish","type":"page","link":"https:\/\/labprodigi.com\/websitegestion\/contrat-de-creation-de-site-web\/","title":{"rendered":"Contrat de cr\u00e9ation de site web"},"content":{"rendered":"\n<div class=\"wp-block-uagb-container uagb-block-d752fac5 alignfull uagb-is-root-container\"><div class=\"uagb-container-inner-blocks-wrap\"><\/div><\/div>\n\n\n\n<div class=\"wp-block-contact-form-7-contact-form-selector\">\n<div class=\"wpcf7 no-js\" id=\"wpcf7-f766-o1\" lang=\"fr-FR\" dir=\"ltr\" data-wpcf7-id=\"766\">\n<div class=\"screen-reader-response\"><p role=\"status\" aria-live=\"polite\" aria-atomic=\"true\"><\/p> <ul><\/ul><\/div>\n<form action=\"\/websitegestion\/wp-json\/wp\/v2\/pages\/767#wpcf7-f766-o1\" method=\"post\" class=\"wpcf7-form init\" aria-label=\"Formulaire de contact\" enctype=\"multipart\/form-data\" novalidate=\"novalidate\" data-status=\"init\">\n<fieldset class=\"hidden-fields-container\"><input type=\"hidden\" name=\"_wpcf7\" value=\"766\" \/><input type=\"hidden\" name=\"_wpcf7_version\" value=\"6.1.5\" \/><input type=\"hidden\" name=\"_wpcf7_locale\" value=\"fr_FR\" \/><input type=\"hidden\" name=\"_wpcf7_unit_tag\" value=\"wpcf7-f766-o1\" \/><input type=\"hidden\" name=\"_wpcf7_container_post\" value=\"0\" \/><input type=\"hidden\" name=\"_wpcf7_posted_data_hash\" value=\"\" \/><input type=\"hidden\" name=\"_wpcf7_recaptcha_response\" value=\"\" \/>\n<\/fieldset>\n<body>\n <!-- Ton formulaire et autres \u00e9l\u00e9ments HTML ici -->\n\t<div class=\"form-header\">\n\t\t<h2>Contrat de cr\u00e9ation de site web\n\t\t<\/h2>\n\t\t<p><img decoding=\"async\" src=\"https:\/\/labprodigi.com\/websitegestion\/wp-content\/uploads\/2024\/11\/Transparent.png\" class=\"logo\" alt=\"Logo\" \/>\n\t\t<\/p>\n\t<\/div>\n\t<style>\n.form-header {\n display: flex;\n align-items: center;\n justify-content: space-between;\n margin-bottom: 30px;\n}\n.logo {\n max-width: 150px;\n}\n.montants-table {\n width: 100%;\n margin: 20px 0;\n border-collapse: collapse;\n}\n.montants-table td {\n padding: 10px;\n border: 1px solid #ddd;\n}\n@media (max-width: 768px) {\n .form-header {\n flex-direction: column;\n text-align: center;\n }\n .logo {\n margin-top: 15px;\n }\n}\n\t<\/style>\n\t<h3>Entre Les Soussign\u00e9s :\n\t<\/h3>\n\t<p>La soci\u00e9t\u00e9 Saida Santoncini\n\t<\/p>\n\t<p>Si\u00e8ge social : 6 impasse Ouche Pinson, 18340 Lissay Lochy\n\t<\/p>\n\t<p>SIRET : 91279981400013 R.C.S. Bourges\n\t<\/p>\n\t<p>Repr\u00e9sent\u00e9e par : Mme Saida Santoncini\n\t<\/p>\n\t<p>Ci-apr\u00e8s d\u00e9nomm\u00e9e \"le Prestataire\"\n\t<\/p>\n\t<p>Et\n\t<\/p>\n\t<p><span class=\"wpcf7-form-control-wrap\" data-name=\"societe\"><input size=\"40\" maxlength=\"400\" class=\"wpcf7-form-control wpcf7-text wpcf7-validates-as-required form-control\" aria-required=\"true\" aria-invalid=\"false\" placeholder=\"La soci\u00e9t\u00e9\" value=\"\" type=\"text\" name=\"societe\" \/><\/span><br \/>\n<span class=\"wpcf7-form-control-wrap\" data-name=\"siege_social\"><input size=\"40\" maxlength=\"400\" class=\"wpcf7-form-control wpcf7-text wpcf7-validates-as-required form-control\" aria-required=\"true\" aria-invalid=\"false\" placeholder=\"Si\u00e8ge social\" value=\"\" type=\"text\" name=\"siege_social\" \/><\/span><br \/>\n<span class=\"wpcf7-form-control-wrap\" data-name=\"siret\"><input size=\"40\" maxlength=\"400\" class=\"wpcf7-form-control wpcf7-text wpcf7-validates-as-required form-control\" aria-required=\"true\" aria-invalid=\"false\" placeholder=\"SIRET\" value=\"\" type=\"text\" name=\"siret\" \/><\/span><br \/>\n<span class=\"wpcf7-form-control-wrap\" data-name=\"representant\"><input size=\"40\" maxlength=\"400\" class=\"wpcf7-form-control wpcf7-text wpcf7-validates-as-required form-control\" aria-required=\"true\" aria-invalid=\"false\" placeholder=\"Repr\u00e9sentant\" value=\"\" type=\"text\" name=\"representant\" \/><\/span><br \/>\n<span class=\"wpcf7-form-control-wrap\" data-name=\"email\"><input size=\"40\" maxlength=\"400\" class=\"wpcf7-form-control wpcf7-email wpcf7-validates-as-required wpcf7-text wpcf7-validates-as-email form-control\" aria-required=\"true\" aria-invalid=\"false\" placeholder=\"Email\" value=\"\" type=\"email\" name=\"email\" \/><\/span>\n\t<\/p>\n\t<p>Ci-apr\u00e8s d\u00e9nomm\u00e9e \"le Client\"\n\t<\/p>\n\t<h4>Article 1 : Type de site\n\t<\/h4>\n\t<p><span class=\"wpcf7-form-control-wrap\" data-name=\"type_site\"><span class=\"wpcf7-form-control wpcf7-checkbox wpcf7-validates-as-required form-check\"><span class=\"wpcf7-list-item first\"><input type=\"checkbox\" name=\"type_site[]\" value=\"Site vitrine (jusqu&#039;\u00e0 5 pages)\" \/><span class=\"wpcf7-list-item-label\">Site vitrine (jusqu&#039;\u00e0 5 pages)<\/span><\/span><span class=\"wpcf7-list-item\"><input type=\"checkbox\" name=\"type_site[]\" value=\"Site corporate (jusqu&#039;\u00e0 10 pages)\" \/><span class=\"wpcf7-list-item-label\">Site corporate (jusqu&#039;\u00e0 10 pages)<\/span><\/span><span class=\"wpcf7-list-item\"><input type=\"checkbox\" name=\"type_site[]\" value=\"Site e-commerce (jusqu&#039;\u00e0 50 produits)\" \/><span class=\"wpcf7-list-item-label\">Site e-commerce (jusqu&#039;\u00e0 50 produits)<\/span><\/span><span class=\"wpcf7-list-item last\"><input type=\"checkbox\" name=\"type_site[]\" value=\"Blog\" \/><span class=\"wpcf7-list-item-label\">Blog<\/span><\/span><\/span><\/span><br \/>\n<span class=\"wpcf7-form-control-wrap\" data-name=\"autre_type\"><input size=\"40\" maxlength=\"400\" class=\"wpcf7-form-control wpcf7-text form-control\" aria-invalid=\"false\" placeholder=\"Autre type de site (pr\u00e9ciser)\" value=\"\" type=\"text\" name=\"autre_type\" \/><\/span>\n\t<\/p>\n\t<h4>Article 2 : Fonctionnalit\u00e9s incluses\n\t<\/h4>\n\t<p><span class=\"wpcf7-form-control-wrap\" data-name=\"fonctionnalites\"><span class=\"wpcf7-form-control wpcf7-checkbox form-check\"><span class=\"wpcf7-list-item first\"><input type=\"checkbox\" name=\"fonctionnalites[]\" value=\"Design responsive\" \/><span class=\"wpcf7-list-item-label\">Design responsive<\/span><\/span><span class=\"wpcf7-list-item\"><input type=\"checkbox\" name=\"fonctionnalites[]\" value=\"Formulaire de contact\" \/><span class=\"wpcf7-list-item-label\">Formulaire de contact<\/span><\/span><span class=\"wpcf7-list-item\"><input type=\"checkbox\" name=\"fonctionnalites[]\" value=\"Newsletter\" \/><span class=\"wpcf7-list-item-label\">Newsletter<\/span><\/span><span class=\"wpcf7-list-item\"><input type=\"checkbox\" name=\"fonctionnalites[]\" value=\"Blog int\u00e9gr\u00e9\" \/><span class=\"wpcf7-list-item-label\">Blog int\u00e9gr\u00e9<\/span><\/span><span class=\"wpcf7-list-item\"><input type=\"checkbox\" name=\"fonctionnalites[]\" value=\"Galerie photos\" \/><span class=\"wpcf7-list-item-label\">Galerie photos<\/span><\/span><span class=\"wpcf7-list-item\"><input type=\"checkbox\" name=\"fonctionnalites[]\" value=\"Syst\u00e8me de r\u00e9servation\" \/><span class=\"wpcf7-list-item-label\">Syst\u00e8me de r\u00e9servation<\/span><\/span><span class=\"wpcf7-list-item\"><input type=\"checkbox\" name=\"fonctionnalites[]\" value=\"Boutique en ligne\" \/><span class=\"wpcf7-list-item-label\">Boutique en ligne<\/span><\/span><span class=\"wpcf7-list-item\"><input type=\"checkbox\" name=\"fonctionnalites[]\" value=\"Espace membre\" \/><span class=\"wpcf7-list-item-label\">Espace membre<\/span><\/span><span class=\"wpcf7-list-item last\"><input type=\"checkbox\" name=\"fonctionnalites[]\" value=\"Multilingue\" \/><span class=\"wpcf7-list-item-label\">Multilingue<\/span><\/span><\/span><\/span>\n\t<\/p>\n\t<h4>Article 3 : Forfaits\n\t<\/h4>\n\t<p><span class=\"wpcf7-form-control-wrap\" data-name=\"forfait\"><span class=\"wpcf7-form-control wpcf7-radio form-check\"><span class=\"wpcf7-list-item first\"><input type=\"radio\" name=\"forfait\" value=\"Pack Starter - 990\u20ac HT \u2022 Design personnalis\u00e9 \u2022 Site responsive \u2022 Jusqu&#039;\u00e0 5 pages \u2022 Formulaire de contact \u2022 R\u00e9f\u00e9rencement de base\" \/><span class=\"wpcf7-list-item-label\">Pack Starter - 990\u20ac HT \u2022 Design personnalis\u00e9 \u2022 Site responsive \u2022 Jusqu&#039;\u00e0 5 pages \u2022 Formulaire de contact \u2022 R\u00e9f\u00e9rencement de base<\/span><\/span><span class=\"wpcf7-list-item\"><input type=\"radio\" name=\"forfait\" value=\"Pack Business - 1990\u20ac HT \u2022 Tout le Pack Starter \u2022 Jusqu&#039;\u00e0 10 pages \u2022 Blog int\u00e9gr\u00e9 \u2022 Formation administration \u2022 Optimisation SEO avanc\u00e9e\" \/><span class=\"wpcf7-list-item-label\">Pack Business - 1990\u20ac HT \u2022 Tout le Pack Starter \u2022 Jusqu&#039;\u00e0 10 pages \u2022 Blog int\u00e9gr\u00e9 \u2022 Formation administration \u2022 Optimisation SEO avanc\u00e9e<\/span><\/span><span class=\"wpcf7-list-item last\"><input type=\"radio\" name=\"forfait\" value=\"Pack E-commerce - 2990\u20ac HT \u2022 Tout le Pack Business \u2022 Boutique en ligne \u2022 Syst\u00e8me de paiement \u2022 Gestion des stocks \u2022 Formation e-commerce\" \/><span class=\"wpcf7-list-item-label\">Pack E-commerce - 2990\u20ac HT \u2022 Tout le Pack Business \u2022 Boutique en ligne \u2022 Syst\u00e8me de paiement \u2022 Gestion des stocks \u2022 Formation e-commerce<\/span><\/span><\/span><\/span>\n\t<\/p>\n\t<h4>Options Suppl\u00e9mentaires\n\t<\/h4>\n\t<p><span class=\"wpcf7-form-control-wrap\" data-name=\"options\"><span class=\"wpcf7-form-control wpcf7-checkbox form-check\"><span class=\"wpcf7-list-item first\"><input type=\"checkbox\" name=\"options[]\" value=\"Logo (290\u20ac HT)\" \/><span class=\"wpcf7-list-item-label\">Logo (290\u20ac HT)<\/span><\/span><span class=\"wpcf7-list-item\"><input type=\"checkbox\" name=\"options[]\" value=\"Page suppl\u00e9mentaire (100\u20ac HT)\" \/><span class=\"wpcf7-list-item-label\">Page suppl\u00e9mentaire (100\u20ac HT)<\/span><\/span><span class=\"wpcf7-list-item\"><input type=\"checkbox\" name=\"options[]\" value=\"Module newsletter (200\u20ac HT)\" \/><span class=\"wpcf7-list-item-label\">Module newsletter (200\u20ac HT)<\/span><\/span><span class=\"wpcf7-list-item\"><input type=\"checkbox\" name=\"options[]\" value=\"R\u00e9daction web (50\u20ac HT\/page)\" \/><span class=\"wpcf7-list-item-label\">R\u00e9daction web (50\u20ac HT\/page)<\/span><\/span><span class=\"wpcf7-list-item last\"><input type=\"checkbox\" name=\"options[]\" value=\"Formation suppl\u00e9mentaire (290\u20ac HT\/demi-journ\u00e9e)\" \/><span class=\"wpcf7-list-item-label\">Formation suppl\u00e9mentaire (290\u20ac HT\/demi-journ\u00e9e)<\/span><\/span><\/span><\/span>\n\t<\/p>\n\t<table class=\"montants-table\">\n\t\t<tr>\n\t\t\t<td>\n\t\t\t\t<p>Montant Total HT\n\t\t\t\t<\/p>\n\t\t\t<\/td>\n\t\t\t<td>\n\t\t\t\t<p><span id=\"montant_ht\">0 \u20ac<\/span>\n\t\t\t\t<\/p>\n\t\t\t<\/td>\n\t\t\t<td>\n\t\t\t\t<p>Montant de la TVA\n\t\t\t\t<\/p>\n\t\t\t<\/td>\n\t\t\t<td>\n\t\t\t\t<p><span id=\"montant_tva\">0 \u20ac<\/span>\n\t\t\t\t<\/p>\n\t\t\t<\/td>\n\t\t\t<td>\n\t\t\t\t<p>Montant Total TTC\n\t\t\t\t<\/p>\n\t\t\t<\/td>\n\t\t\t<td>\n\t\t\t\t<p><span id=\"montant_ttc\">0 \u20ac<\/span>\n\t\t\t\t<\/p>\n\t\t\t<\/td>\n\t\t<\/tr>\n\t<\/table>\n\t<h4>Observations\n\t<\/h4>\n\t<p><span class=\"wpcf7-form-control-wrap\" data-name=\"observations\"><textarea cols=\"40\" rows=\"10\" maxlength=\"2000\" class=\"wpcf7-form-control wpcf7-textarea form-control\" aria-invalid=\"false\" placeholder=\"Vos observations\" name=\"observations\"><\/textarea><\/span>\n\t<\/p>\n\t<div class=\"form-section\">\n\t\t<h3>Pi\u00e8ces jointes\n\t\t<\/h3>\n\t\t<p><label for=\"attachments\">Souhaitez-vous joindre un fichier ? <\/label><br \/>\n<span class=\"form-note\">(Logos, images, textes, documents li\u00e9s, etc. - Max 10MB par fichier)<\/span><br \/>\n<span class=\"wpcf7-form-control-wrap\" data-name=\"attachments\"><input size=\"40\" class=\"wpcf7-form-control wpcf7-file\" accept=\".pdf,.doc,.docx,.jpg,.jpeg,.png,.gif\" aria-invalid=\"false\" type=\"file\" name=\"attachments\" \/><\/span>\n\t\t<\/p>\n\t<\/div>\n\t<p>Fait le\n\t<\/p>\n\t<p><span class=\"wpcf7-form-control-wrap\" data-name=\"date-642\"><input class=\"wpcf7-form-control wpcf7-date wpcf7-validates-as-required wpcf7-validates-as-date\" aria-required=\"true\" aria-invalid=\"false\" value=\"\" type=\"date\" name=\"date-642\" \/><\/span>\n\t<\/p>\n\t<p><span class=\"wpcf7-form-control-wrap\" data-name=\"acceptance-778\"><span class=\"wpcf7-form-control wpcf7-acceptance\"><span class=\"wpcf7-list-item\"><label><input type=\"checkbox\" name=\"acceptance-778\" value=\"1\" aria-invalid=\"false\" \/><span class=\"wpcf7-list-item-label\">J'ai lu et j'accepte les termes et conditions de la politique de confidentialit\u00e9<\/span><\/label><\/span><\/span><\/span><br \/>\n<span class=\"wpcf7-form-control-wrap\" data-name=\"acceptance-779\"><span class=\"wpcf7-form-control wpcf7-acceptance\"><span class=\"wpcf7-list-item\"><label><input type=\"checkbox\" name=\"acceptance-779\" value=\"1\" aria-invalid=\"false\" \/><span class=\"wpcf7-list-item-label\">En cochant cette case j'atteste avoir pris connaissance des conditions et termes du contrat et en accepter les closes<\/span><\/label><\/span><\/span><\/span><br \/>\n<span class=\"wpcf7-form-control-wrap\" data-name=\"acceptance-780\"><span class=\"wpcf7-form-control wpcf7-acceptance\"><span class=\"wpcf7-list-item\"><label><input type=\"checkbox\" name=\"acceptance-780\" value=\"1\" aria-invalid=\"false\" \/><span class=\"wpcf7-list-item-label\">En cochant cette case j'atteste avoir lu et approuv\u00e9 les conditions du contrat, et signer en toute connaissance de causes<\/span><\/label><\/span><\/span><\/span>\n\t<\/p>\n\t<p><input type=\"hidden\" name=\"g-recaptcha-response\" value=\"\" \/>\n\t<\/p>\n\t<div style=\"text-align: center;\">\n\t\t<p><input class=\"wpcf7-form-control wpcf7-submit has-spinner\" type=\"submit\" value=\"SOUMETTRE LE CONTRAT\" \/>\n\t\t<\/p>\n\t<\/div>\n\n<!-- Champs cach\u00e9s pour envoyer les montants par email -->\n\t<p><input type=\"hidden\" name=\"montant_ht\" id=\"montant_ht_input\" \/><br \/>\n<input type=\"hidden\" name=\"montant_tva\" id=\"montant_tva_input\" \/><br \/>\n<input type=\"hidden\" name=\"montant_ttc\" id=\"montant_ttc_input\" \/>\n\t<\/p>\n\n<!-- Script JavaScript -->\n\t<p><script defer>\n document.addEventListener('DOMContentLoaded', function () {\n \/\/ Fonction pour r\u00e9cup\u00e9rer le prix d'une option \u00e0 partir de son texte\n function getOptionPrice(optionText) {\n const match = optionText.match(\/(\\d+)(?=\\s*\u20ac)\/);\n return match ? parseFloat(match[1]) : 0;\n }\n\n \/\/ Fonction pour calculer les montants\n function updateMontants() {\n let totalHT = 0;\n let totalTVA = 0;\n let totalTTC = 0;\n\n const forfaitSelected = document.querySelector('input[name=\"forfait\"]:checked');\n if (forfaitSelected) {\n const forfaitPrice = getOptionPrice(forfaitSelected.nextElementSibling.textContent);\n totalHT += forfaitPrice;\n }\n\n const optionsSelected = document.querySelectorAll('input[name=\"options[]\"]:checked');\n optionsSelected.forEach(function(option) {\n const optionPrice = getOptionPrice(option.nextElementSibling.textContent);\n totalHT += optionPrice;\n });\n\n const fonctionnalitesSelected = document.querySelectorAll('input[name=\"fonctionnalites[]\"]:checked');\n fonctionnalitesSelected.forEach(function(fonctionnalite) {\n const prixFonctionnalite = 0; \/\/ Si aucune fonctionnalit\u00e9 n'a de prix, ajustez ici\n totalHT += prixFonctionnalite;\n });\n\n totalTVA = totalHT * 0.2;\n totalTTC = totalHT + totalTVA;\n\n \/\/ Mise \u00e0 jour des champs visibles\n document.getElementById('montant_ht').innerText = totalHT.toFixed(2) + ' \u20ac';\n document.getElementById('montant_tva').innerText = totalTVA.toFixed(2) + ' \u20ac';\n document.getElementById('montant_ttc').innerText = totalTTC.toFixed(2) + ' \u20ac';\n\n \/\/ Mise \u00e0 jour des champs cach\u00e9s pour l'email\n document.getElementById('montant_ht_input').value = totalHT.toFixed(2);\n document.getElementById('montant_tva_input').value = totalTVA.toFixed(2);\n document.getElementById('montant_ttc_input').value = totalTTC.toFixed(2);\n }\n\n \/\/ Ajout des \u00e9v\u00e9nements pour la mise \u00e0 jour des montants\n const inputs = document.querySelectorAll('input[name=\"forfait\"], input[name=\"options[]\"], input[name=\"fonctionnalites[]\"]');\n inputs.forEach(function(input) {\n input.addEventListener('change', updateMontants);\n });\n\n \/\/ Ajout de l'\u00e9v\u00e9nement de soumission pour s'assurer que les champs cach\u00e9s sont mis \u00e0 jour avant l'envoi\n const form = document.querySelector('form');\n form.addEventListener('submit', function() {\n \/\/ Mettre \u00e0 jour les montants avant la soumission\n updateMontants();\n });\n\n \/\/ Initialisation des montants au chargement de la page\n updateMontants();\n});\n<\/script>\n\t<\/p>\n<\/body><div class=\"wpcf7-response-output\" aria-hidden=\"true\"><\/div>\n<\/form>\n<\/div>\n<\/div>\n\n\n\n<p><\/p>\n","protected":false},"excerpt":{"rendered":"","protected":false},"author":4,"featured_media":687,"parent":0,"menu_order":0,"comment_status":"closed","ping_status":"closed","template":"","meta":{"_eb_attr":"","_uag_custom_page_level_css":"","site-sidebar-layout":"no-sidebar","site-content-layout":"","ast-site-content-layout":"full-width-container","site-content-style":"default","site-sidebar-style":"default","ast-global-header-display":"","ast-banner-title-visibility":"","ast-main-header-display":"","ast-hfb-above-header-display":"","ast-hfb-below-header-display":"","ast-hfb-mobile-header-display":"","site-post-title":"disabled","ast-breadcrumbs-content":"","ast-featured-img":"disabled","footer-sml-layout":"","ast-disable-related-posts":"","theme-transparent-header-meta":"","adv-header-id-meta":"","stick-header-meta":"","header-above-stick-meta":"","header-main-stick-meta":"","header-below-stick-meta":"","astra-migrate-meta-layouts":"default","ast-page-background-enabled":"default","ast-page-background-meta":{"desktop":{"background-color":"var(--ast-global-color-4)","background-image":"","background-repeat":"repeat","background-position":"center center","background-size":"auto","background-attachment":"scroll","background-type":"","background-media":"","overlay-type":"","overlay-color":"","overlay-opacity":"","overlay-gradient":""},"tablet":{"background-color":"","background-image":"","background-repeat":"repeat","background-position":"center center","background-size":"auto","background-attachment":"scroll","background-type":"","background-media":"","overlay-type":"","overlay-color":"","overlay-opacity":"","overlay-gradient":""},"mobile":{"background-color":"","background-image":"","background-repeat":"repeat","background-position":"center center","background-size":"auto","background-attachment":"scroll","background-type":"","background-media":"","overlay-type":"","overlay-color":"","overlay-opacity":"","overlay-gradient":""}},"ast-content-background-meta":{"desktop":{"background-color":"var(--ast-global-color-5)","background-image":"","background-repeat":"repeat","background-position":"center center","background-size":"auto","background-attachment":"scroll","background-type":"","background-media":"","overlay-type":"","overlay-color":"","overlay-opacity":"","overlay-gradient":""},"tablet":{"background-color":"var(--ast-global-color-5)","background-image":"","background-repeat":"repeat","background-position":"center center","background-size":"auto","background-attachment":"scroll","background-type":"","background-media":"","overlay-type":"","overlay-color":"","overlay-opacity":"","overlay-gradient":""},"mobile":{"background-color":"var(--ast-global-color-5)","background-image":"","background-repeat":"repeat","background-position":"center center","background-size":"auto","background-attachment":"scroll","background-type":"","background-media":"","overlay-type":"","overlay-color":"","overlay-opacity":"","overlay-gradient":""}},"footnotes":""},"class_list":["post-767","page","type-page","status-publish","has-post-thumbnail","hentry"],"uagb_featured_image_src":{"full":["https:\/\/labprodigi.com\/websitegestion\/wp-content\/uploads\/2024\/11\/Transparent.png",500,500,false],"thumbnail":["https:\/\/labprodigi.com\/websitegestion\/wp-content\/uploads\/2024\/11\/Transparent-150x150.png",150,150,true],"medium":["https:\/\/labprodigi.com\/websitegestion\/wp-content\/uploads\/2024\/11\/Transparent-300x300.png",300,300,true],"medium_large":["https:\/\/labprodigi.com\/websitegestion\/wp-content\/uploads\/2024\/11\/Transparent.png",500,500,false],"large":["https:\/\/labprodigi.com\/websitegestion\/wp-content\/uploads\/2024\/11\/Transparent.png",500,500,false],"1536x1536":["https:\/\/labprodigi.com\/websitegestion\/wp-content\/uploads\/2024\/11\/Transparent.png",500,500,false],"2048x2048":["https:\/\/labprodigi.com\/websitegestion\/wp-content\/uploads\/2024\/11\/Transparent.png",500,500,false],"depicter-thumbnail":["https:\/\/labprodigi.com\/websitegestion\/wp-content\/uploads\/2024\/11\/Transparent.png",200,200,false]},"uagb_author_info":{"display_name":"Web Site Gestion","author_link":"https:\/\/labprodigi.com\/websitegestion\/author\/mario-santoncinigmail-com\/"},"uagb_comment_info":0,"uagb_excerpt":null,"_links":{"self":[{"href":"https:\/\/labprodigi.com\/websitegestion\/wp-json\/wp\/v2\/pages\/767","targetHints":{"allow":["GET"]}}],"collection":[{"href":"https:\/\/labprodigi.com\/websitegestion\/wp-json\/wp\/v2\/pages"}],"about":[{"href":"https:\/\/labprodigi.com\/websitegestion\/wp-json\/wp\/v2\/types\/page"}],"author":[{"embeddable":true,"href":"https:\/\/labprodigi.com\/websitegestion\/wp-json\/wp\/v2\/users\/4"}],"replies":[{"embeddable":true,"href":"https:\/\/labprodigi.com\/websitegestion\/wp-json\/wp\/v2\/comments?post=767"}],"version-history":[{"count":4,"href":"https:\/\/labprodigi.com\/websitegestion\/wp-json\/wp\/v2\/pages\/767\/revisions"}],"predecessor-version":[{"id":772,"href":"https:\/\/labprodigi.com\/websitegestion\/wp-json\/wp\/v2\/pages\/767\/revisions\/772"}],"wp:featuredmedia":[{"embeddable":true,"href":"https:\/\/labprodigi.com\/websitegestion\/wp-json\/wp\/v2\/media\/687"}],"wp:attachment":[{"href":"https:\/\/labprodigi.com\/websitegestion\/wp-json\/wp\/v2\/media?parent=767"}],"curies":[{"name":"wp","href":"https:\/\/api.w.org\/{rel}","templated":true}]}}