{"id":754,"date":"2024-11-26T12:26:53","date_gmt":"2024-11-26T12:26:53","guid":{"rendered":"https:\/\/labprodigi.com\/websitegestion\/?page_id=754"},"modified":"2025-10-07T14:46:04","modified_gmt":"2025-10-07T14:46:04","slug":"mentions-legales","status":"publish","type":"page","link":"https:\/\/labprodigi.com\/websitegestion\/mentions-legales\/","title":{"rendered":"Mentions L\u00e9gales"},"content":{"rendered":"\t\t<div data-elementor-type=\"wp-page\" data-elementor-id=\"754\" class=\"elementor elementor-754\">\n\t\t\t\t<div class=\"elementor-element elementor-element-81ea9e0 e-flex e-con-boxed e-con e-parent\" data-id=\"81ea9e0\" data-element_type=\"container\" data-e-type=\"container\">\n\t\t\t\t\t<div class=\"e-con-inner\">\n\t\t\t\t<div class=\"elementor-element elementor-element-f744a17 elementor-widget elementor-widget-heading\" data-id=\"f744a17\" data-element_type=\"widget\" data-e-type=\"widget\" data-widget_type=\"heading.default\">\n\t\t\t\t<div class=\"elementor-widget-container\">\n\t\t\t\t\t<h2 class=\"elementor-heading-title elementor-size-default\">Mentions l\u00e9gales<\/h2>\t\t\t\t<\/div>\n\t\t\t\t<\/div>\n\t\t\t\t\t<\/div>\n\t\t\t\t<\/div>\n\t\t<div class=\"elementor-element elementor-element-10b4c075 e-flex e-con-boxed e-con e-parent\" data-id=\"10b4c075\" data-element_type=\"container\" data-e-type=\"container\">\n\t\t\t\t\t<div class=\"e-con-inner\">\n\t\t\t\t<div class=\"elementor-element elementor-element-52c64ad9 elementor-widget elementor-widget-text-editor\" data-id=\"52c64ad9\" data-element_type=\"widget\" data-e-type=\"widget\" data-widget_type=\"text-editor.default\">\n\t\t\t\t<div class=\"elementor-widget-container\">\n\t\t\t\t\t\t\t\t\t\n<div class=\"wp-block-uagb-container uagb-block-892c81bb alignfull uagb-is-root-container\">\n<div class=\"uagb-container-inner-blocks-wrap\">\n<h3 class=\"wp-block-heading\"><strong>\u00c9diteur du site<\/strong><\/h3>\n\n<ul class=\"wp-block-list\">\n<li>Le Directeur de la publication du Site est Mario Santoncini.<\/li>\n\n<li>Nom du site : Web Site Gestion<\/li>\n\n<li>Activit\u00e9 : Cr\u00e9ation, gestion et maintenance de sites web<\/li>\n\n<li>Adresse : Lissay Lochy France Centre Val de Loire<\/li>\n\n<li>Email :\u00a0<a href=\"mailto:contact-web-site-gestion@labprodigi.com\">contact-web-site-gestion@labprodigi.com<\/a><\/li>\n\n<li>T\u00e9l\u00e9phone : +337.45.26.06.74<\/li>\n\n<li>R.C.S : Immatriculation num\u00e9ro 91279981400013 R.C.S. Bourges<\/li>\n\n<li>Le pr\u00e9sent site, accessible \u00e0 l\u2019URL https:\/\/labprodigi.com\/ (le \u00ab Site \u00bb), est \u00e9dit\u00e9 par :<\/li>\n\n<li>Mario Santoncini, 18340 Lissay Lochy, (France), inscrite au R.C.S. de BOURGES sous le num\u00e9ro R.C.S. Bourges 91279981400013,<\/li>\n<\/ul>\n\n<h3 class=\"wp-block-heading\"><strong>H\u00e9bergement<\/strong><\/h3>\n\n<ul class=\"wp-block-list\">\n<li>H\u00e9bergeur : HOSTINGER INTERNATIONAL LTD,<\/li>\n\n<li>Adresse : <strong>61 Lordou Vironos Street, 6023 Larnaca, Chypre<\/strong>, joignable par le moyen suivant : https:\/\/www.hostinger.fr\/contact.<\/li>\n<\/ul>\n\n<h3 class=\"wp-block-heading\"><strong>Propri\u00e9t\u00e9 intellectuelle<\/strong><\/h3>\n\n<p>Tous les contenus pr\u00e9sents sur le site Web Site Gestion (textes, images, logos, etc.) sont prot\u00e9g\u00e9s par les lois sur la propri\u00e9t\u00e9 intellectuelle. Toute reproduction ou utilisation sans autorisation pr\u00e9alable est interdite.<\/p>\n\n<h3 class=\"wp-block-heading\"><strong>Protection des donn\u00e9es personnelles<\/strong><\/h3>\n\n<p>Les informations collect\u00e9es via nos formulaires font l&rsquo;objet d&rsquo;un traitement informatique destin\u00e9 \u00e0 la gestion de votre demande. Conform\u00e9ment au RGPD, vous disposez d&rsquo;un droit d&rsquo;acc\u00e8s, de rectification et de suppression de vos donn\u00e9es personnelles.<\/p>\n\n<h3 class=\"wp-block-heading\"><strong>Cookies<\/strong><\/h3>\n\n<p>Notre site utilise des cookies pour am\u00e9liorer votre exp\u00e9rience de navigation. Vous pouvez les d\u00e9sactiver dans les param\u00e8tres de votre navigateur.<\/p>\n\n<h3 class=\"wp-block-heading\"><strong>Cr\u00e9dits<\/strong><\/h3>\n\n<ul class=\"wp-block-list\">\n<li>Conception et r\u00e9alisation : Web Site Gestion<\/li>\n\n<li>Derni\u00e8re mise \u00e0 jour : 26\/11\/2024<\/li>\n<\/ul>\n\n<p>Pour toute question concernant ces mentions l\u00e9gales, contactez-nous \u00e0\u00a0<a href=\"mailto:contact-web-site-gestion@labprodigi.com\">contact-web-site-gestion@labprodigi.com<\/a><\/p>\n<\/div>\n<\/div>\n\n<p>\u00a0<\/p>\n\t\t\t\t\t\t\t\t<\/div>\n\t\t\t\t<\/div>\n\t\t\t\t\t<\/div>\n\t\t\t\t<\/div>\n\t\t\t\t<\/div>\n\t\t","protected":false},"excerpt":{"rendered":"<p>Mentions l\u00e9gales \u00c9diteur du site H\u00e9bergement Propri\u00e9t\u00e9 intellectuelle Tous les contenus pr\u00e9sents sur le site Web Site Gestion (textes, images, [&hellip;]<\/p>\n","protected":false},"author":4,"featured_media":0,"parent":0,"menu_order":0,"comment_status":"closed","ping_status":"closed","template":"","meta":{"_eb_attr":"","_uag_custom_page_level_css":"","site-sidebar-layout":"default","site-content-layout":"","ast-site-content-layout":"","site-content-style":"default","site-sidebar-style":"default","ast-global-header-display":"","ast-banner-title-visibility":"","ast-main-header-display":"","ast-hfb-above-header-display":"","ast-hfb-below-header-display":"","ast-hfb-mobile-header-display":"","site-post-title":"disabled","ast-breadcrumbs-content":"","ast-featured-img":"","footer-sml-layout":"","ast-disable-related-posts":"","theme-transparent-header-meta":"","adv-header-id-meta":"","stick-header-meta":"","header-above-stick-meta":"","header-main-stick-meta":"","header-below-stick-meta":"","astra-migrate-meta-layouts":"default","ast-page-background-enabled":"default","ast-page-background-meta":{"desktop":{"background-color":"var(--ast-global-color-4)","background-image":"","background-repeat":"repeat","background-position":"center center","background-size":"auto","background-attachment":"scroll","background-type":"","background-media":"","overlay-type":"","overlay-color":"","overlay-opacity":"","overlay-gradient":""},"tablet":{"background-color":"","background-image":"","background-repeat":"repeat","background-position":"center center","background-size":"auto","background-attachment":"scroll","background-type":"","background-media":"","overlay-type":"","overlay-color":"","overlay-opacity":"","overlay-gradient":""},"mobile":{"background-color":"","background-image":"","background-repeat":"repeat","background-position":"center center","background-size":"auto","background-attachment":"scroll","background-type":"","background-media":"","overlay-type":"","overlay-color":"","overlay-opacity":"","overlay-gradient":""}},"ast-content-background-meta":{"desktop":{"background-color":"var(--ast-global-color-5)","background-image":"","background-repeat":"repeat","background-position":"center center","background-size":"auto","background-attachment":"scroll","background-type":"","background-media":"","overlay-type":"","overlay-color":"","overlay-opacity":"","overlay-gradient":""},"tablet":{"background-color":"var(--ast-global-color-5)","background-image":"","background-repeat":"repeat","background-position":"center center","background-size":"auto","background-attachment":"scroll","background-type":"","background-media":"","overlay-type":"","overlay-color":"","overlay-opacity":"","overlay-gradient":""},"mobile":{"background-color":"var(--ast-global-color-5)","background-image":"","background-repeat":"repeat","background-position":"center center","background-size":"auto","background-attachment":"scroll","background-type":"","background-media":"","overlay-type":"","overlay-color":"","overlay-opacity":"","overlay-gradient":""}},"footnotes":""},"class_list":["post-754","page","type-page","status-publish","hentry"],"uagb_featured_image_src":{"full":false,"thumbnail":false,"medium":false,"medium_large":false,"large":false,"1536x1536":false,"2048x2048":false,"depicter-thumbnail":false},"uagb_author_info":{"display_name":"Web Site Gestion","author_link":"https:\/\/labprodigi.com\/websitegestion\/author\/mario-santoncinigmail-com\/"},"uagb_comment_info":0,"uagb_excerpt":"Mentions l\u00e9gales \u00c9diteur du site H\u00e9bergement Propri\u00e9t\u00e9 intellectuelle Tous les contenus pr\u00e9sents sur le site Web Site Gestion (textes, images, [&hellip;]","_links":{"self":[{"href":"https:\/\/labprodigi.com\/websitegestion\/wp-json\/wp\/v2\/pages\/754","targetHints":{"allow":["GET"]}}],"collection":[{"href":"https:\/\/labprodigi.com\/websitegestion\/wp-json\/wp\/v2\/pages"}],"about":[{"href":"https:\/\/labprodigi.com\/websitegestion\/wp-json\/wp\/v2\/types\/page"}],"author":[{"embeddable":true,"href":"https:\/\/labprodigi.com\/websitegestion\/wp-json\/wp\/v2\/users\/4"}],"replies":[{"embeddable":true,"href":"https:\/\/labprodigi.com\/websitegestion\/wp-json\/wp\/v2\/comments?post=754"}],"version-history":[{"count":10,"href":"https:\/\/labprodigi.com\/websitegestion\/wp-json\/wp\/v2\/pages\/754\/revisions"}],"predecessor-version":[{"id":1117,"href":"https:\/\/labprodigi.com\/websitegestion\/wp-json\/wp\/v2\/pages\/754\/revisions\/1117"}],"wp:attachment":[{"href":"https:\/\/labprodigi.com\/websitegestion\/wp-json\/wp\/v2\/media?parent=754"}],"curies":[{"name":"wp","href":"https:\/\/api.w.org\/{rel}","templated":true}]}}