{"id":721,"date":"2024-11-25T17:44:02","date_gmt":"2024-11-25T17:44:02","guid":{"rendered":"https:\/\/labprodigi.com\/websitegestion\/?page_id=721"},"modified":"2024-11-26T00:42:41","modified_gmt":"2024-11-26T00:42:41","slug":"formulaire-de-renseignements","status":"publish","type":"page","link":"https:\/\/labprodigi.com\/websitegestion\/formulaire-de-renseignements\/","title":{"rendered":"Formulaire de renseignements"},"content":{"rendered":"\n<div class=\"wp-block-contact-form-7-contact-form-selector\">\n<div class=\"wpcf7 no-js\" id=\"wpcf7-f720-o1\" lang=\"fr-FR\" dir=\"ltr\" data-wpcf7-id=\"720\">\n<div class=\"screen-reader-response\"><p role=\"status\" aria-live=\"polite\" aria-atomic=\"true\"><\/p> <ul><\/ul><\/div>\n<form action=\"\/websitegestion\/wp-json\/wp\/v2\/pages\/721#wpcf7-f720-o1\" method=\"post\" class=\"wpcf7-form init\" aria-label=\"Formulaire de contact\" enctype=\"multipart\/form-data\" novalidate=\"novalidate\" data-status=\"init\">\n<fieldset class=\"hidden-fields-container\"><input type=\"hidden\" name=\"_wpcf7\" value=\"720\" \/><input type=\"hidden\" name=\"_wpcf7_version\" value=\"6.1.5\" \/><input type=\"hidden\" name=\"_wpcf7_locale\" value=\"fr_FR\" \/><input type=\"hidden\" name=\"_wpcf7_unit_tag\" value=\"wpcf7-f720-o1\" \/><input type=\"hidden\" name=\"_wpcf7_container_post\" value=\"0\" \/><input type=\"hidden\" name=\"_wpcf7_posted_data_hash\" value=\"\" \/><input type=\"hidden\" name=\"_wpcf7_recaptcha_response\" value=\"\" \/>\n<\/fieldset>\n<div class=\"form-header\">\n\t<h2>cr\u00e9ation d'un site web\n\t<\/h2>\n\t<p>Ce formulaire est destin\u00e9 \u00e0 collecter toutes les informations n\u00e9cessaires pour concevoir un site web adapt\u00e9 aux besoins du client.\n\t<\/p>\n<\/div>\n\n<!-- Section 1 -->\n<div class=\"form-section\">\n\t<h3>1. Informations g\u00e9n\u00e9rales sur le client\n\t<\/h3>\n\t<p><label for=\"your-name\">Nom et pr\u00e9nom *<\/label><br \/>\n<span class=\"wpcf7-form-control-wrap\" data-name=\"your-name\"><input size=\"40\" maxlength=\"400\" class=\"wpcf7-form-control wpcf7-text wpcf7-validates-as-required\" aria-required=\"true\" aria-invalid=\"false\" value=\"\" type=\"text\" name=\"your-name\" \/><\/span>\n\t<\/p>\n\t<p><label for=\"company-name\">Nom de l'entreprise ou de l'organisation *<\/label><br \/>\n<span class=\"wpcf7-form-control-wrap\" data-name=\"company-name\"><input size=\"40\" maxlength=\"400\" class=\"wpcf7-form-control wpcf7-text wpcf7-validates-as-required\" aria-required=\"true\" aria-invalid=\"false\" value=\"\" type=\"text\" name=\"company-name\" \/><\/span>\n\t<\/p>\n\t<p><label for=\"address\">Adresse physique<\/label><br \/>\n<span class=\"wpcf7-form-control-wrap\" data-name=\"address\"><textarea cols=\"40\" rows=\"10\" maxlength=\"2000\" class=\"wpcf7-form-control wpcf7-textarea\" aria-invalid=\"false\" name=\"address\"><\/textarea><\/span>\n\t<\/p>\n\t<p><label for=\"your-email\">Adresse email *<\/label><br \/>\n<span class=\"wpcf7-form-control-wrap\" data-name=\"your-email\"><input size=\"40\" maxlength=\"400\" class=\"wpcf7-form-control wpcf7-email wpcf7-validates-as-required wpcf7-text wpcf7-validates-as-email\" aria-required=\"true\" aria-invalid=\"false\" value=\"\" type=\"email\" name=\"your-email\" \/><\/span>\n\t<\/p>\n\t<p><label for=\"your-phone\">Num\u00e9ro de t\u00e9l\u00e9phone *<\/label><br \/>\n<span class=\"wpcf7-form-control-wrap\" data-name=\"your-phone\"><input size=\"40\" maxlength=\"400\" class=\"wpcf7-form-control wpcf7-tel wpcf7-validates-as-required wpcf7-text wpcf7-validates-as-tel\" aria-required=\"true\" aria-invalid=\"false\" value=\"\" type=\"tel\" name=\"your-phone\" \/><\/span>\n\t<\/p>\n\t<p><label for=\"existing-website\">Site web existant<\/label><br \/>\n<span class=\"wpcf7-form-control-wrap\" data-name=\"existing-website\"><input size=\"40\" maxlength=\"400\" class=\"wpcf7-form-control wpcf7-url wpcf7-text wpcf7-validates-as-url\" aria-invalid=\"false\" value=\"\" type=\"url\" name=\"existing-website\" \/><\/span>\n\t<\/p>\n\t<p><label for=\"sector\">Secteur d'activit\u00e9 *<\/label><br \/>\n<span class=\"wpcf7-form-control-wrap\" data-name=\"sector\"><input size=\"40\" maxlength=\"400\" class=\"wpcf7-form-control wpcf7-text wpcf7-validates-as-required\" aria-required=\"true\" aria-invalid=\"false\" value=\"\" type=\"text\" name=\"sector\" \/><\/span>\n\t<\/p>\n\t<p><label for=\"languages\">Langues souhait\u00e9es pour le site *<\/label><br \/>\n<span class=\"wpcf7-form-control-wrap\" data-name=\"languages\"><input size=\"40\" maxlength=\"400\" class=\"wpcf7-form-control wpcf7-text wpcf7-validates-as-required\" aria-required=\"true\" aria-invalid=\"false\" value=\"\" type=\"text\" name=\"languages\" \/><\/span>\n\t<\/p>\n<\/div>\n\n<!-- Section 2 -->\n<div class=\"form-section\">\n\t<h3>2. Objectifs du site web\n\t<\/h3>\n\t<p><label for=\"main-objective\">Quel est l'objectif principal du site ? *<\/label><br \/>\n<span class=\"form-note\">(Ex. : Vendre des produits\/services, pr\u00e9senter une activit\u00e9, attirer des prospects, partager des actualit\u00e9s, etc.)<\/span><br \/>\n<span class=\"wpcf7-form-control-wrap\" data-name=\"main-objective\"><textarea cols=\"40\" rows=\"10\" maxlength=\"2000\" class=\"wpcf7-form-control wpcf7-textarea wpcf7-validates-as-required\" aria-required=\"true\" aria-invalid=\"false\" name=\"main-objective\"><\/textarea><\/span>\n\t<\/p>\n\t<p><label for=\"expected-results\">Quels r\u00e9sultats esp\u00e9rez-vous obtenir gr\u00e2ce \u00e0 ce site ? *<\/label><br \/>\n<span class=\"form-note\">(Ex. : Augmenter les ventes, am\u00e9liorer la visibilit\u00e9, fid\u00e9liser les clients, etc.)<\/span><br \/>\n<span class=\"wpcf7-form-control-wrap\" data-name=\"expected-results\"><textarea cols=\"40\" rows=\"10\" maxlength=\"2000\" class=\"wpcf7-form-control wpcf7-textarea wpcf7-validates-as-required\" aria-required=\"true\" aria-invalid=\"false\" name=\"expected-results\"><\/textarea><\/span>\n\t<\/p>\n\t<p><label for=\"target-audience\">Cible principale du site *<\/label><br \/>\n<span class=\"form-note\">(Ex. : Particuliers, entreprises, jeunes, seniors, etc.)<\/span><br \/>\n<span class=\"wpcf7-form-control-wrap\" data-name=\"target-audience\"><textarea cols=\"40\" rows=\"10\" maxlength=\"2000\" class=\"wpcf7-form-control wpcf7-textarea wpcf7-validates-as-required\" aria-required=\"true\" aria-invalid=\"false\" name=\"target-audience\"><\/textarea><\/span>\n\t<\/p>\n<\/div>\n\n<!-- Section 3 -->\n<div class=\"form-section\">\n\t<h3>3. Design et esth\u00e9tique\n\t<\/h3>\n\t<p><label for=\"graphic-charter\">Avez-vous une charte graphique existante ? *<\/label><br \/>\n<span class=\"form-note\">(Logos, couleurs, typographies, etc. Veuillez joindre les fichiers si n\u00e9cessaire.)<\/span><br \/>\n<span class=\"wpcf7-form-control-wrap\" data-name=\"graphic-charter\"><textarea cols=\"40\" rows=\"10\" maxlength=\"2000\" class=\"wpcf7-form-control wpcf7-textarea wpcf7-validates-as-required\" aria-required=\"true\" aria-invalid=\"false\" name=\"graphic-charter\"><\/textarea><\/span>\n\t<\/p>\n\t<p><label for=\"visual-style\">Pr\u00e9cisez le style visuel souhait\u00e9 *<\/label><br \/>\n<span class=\"form-note\">(Ex. : Moderne, \u00e9pur\u00e9, color\u00e9, sobre, professionnel, ludique, etc.)<\/span><br \/>\n<span class=\"wpcf7-form-control-wrap\" data-name=\"visual-style\"><textarea cols=\"40\" rows=\"10\" maxlength=\"2000\" class=\"wpcf7-form-control wpcf7-textarea wpcf7-validates-as-required\" aria-required=\"true\" aria-invalid=\"false\" name=\"visual-style\"><\/textarea><\/span>\n\t<\/p>\n\t<p><label for=\"site-examples\">Exemples de sites que vous aimez<\/label><br \/>\n<span class=\"form-note\">(Inclure des liens et pr\u00e9ciser ce que vous appr\u00e9ciez dans ces sites.)<\/span><br \/>\n<span class=\"wpcf7-form-control-wrap\" data-name=\"site-examples\"><textarea cols=\"40\" rows=\"10\" maxlength=\"2000\" class=\"wpcf7-form-control wpcf7-textarea\" aria-invalid=\"false\" name=\"site-examples\"><\/textarea><\/span>\n\t<\/p>\n\t<p><label for=\"elements-to-avoid\">Y a-t-il des \u00e9l\u00e9ments que vous souhaitez \u00e9viter ?<\/label><br \/>\n<span class=\"wpcf7-form-control-wrap\" data-name=\"elements-to-avoid\"><textarea cols=\"40\" rows=\"10\" maxlength=\"2000\" class=\"wpcf7-form-control wpcf7-textarea\" aria-invalid=\"false\" name=\"elements-to-avoid\"><\/textarea><\/span>\n\t<\/p>\n<\/div>\n\n<!-- Section 4 -->\n<div class=\"form-section\">\n\t<h3>4. Contenu et structure\n\t<\/h3>\n\t<p><label for=\"content-type\">Quel type de contenu sera pr\u00e9sent\u00e9 sur le site ? *<\/label><br \/>\n<span class=\"form-note\">(Ex. : Texte, images, vid\u00e9os, graphiques, podcasts, etc.)<\/span><br \/>\n<span class=\"wpcf7-form-control-wrap\" data-name=\"content-type\"><textarea cols=\"40\" rows=\"10\" maxlength=\"2000\" class=\"wpcf7-form-control wpcf7-textarea wpcf7-validates-as-required\" aria-required=\"true\" aria-invalid=\"false\" name=\"content-type\"><\/textarea><\/span>\n\t<\/p>\n\t<p><label for=\"content-ready\">Avez-vous d\u00e9j\u00e0 du contenu pr\u00eat ? *<\/label><br \/>\n<span class=\"form-note\">(Si non, avez-vous besoin d'un r\u00e9dacteur, photographe ou graphiste ?)<\/span><br \/>\n<span class=\"wpcf7-form-control-wrap\" data-name=\"content-ready\"><textarea cols=\"40\" rows=\"10\" maxlength=\"2000\" class=\"wpcf7-form-control wpcf7-textarea wpcf7-validates-as-required\" aria-required=\"true\" aria-invalid=\"false\" name=\"content-ready\"><\/textarea><\/span>\n\t<\/p>\n\t<p><label for=\"site-structure\">Structure pr\u00e9vue pour le site *<\/label><br \/>\n<span class=\"form-note\">(Indiquer les pages n\u00e9cessaires, ex. : Accueil, \u00c0 propos, Produits\/Services, Blog, Contact, etc.)<\/span><br \/>\n<span class=\"wpcf7-form-control-wrap\" data-name=\"site-structure\"><textarea cols=\"40\" rows=\"10\" maxlength=\"2000\" class=\"wpcf7-form-control wpcf7-textarea wpcf7-validates-as-required\" aria-required=\"true\" aria-invalid=\"false\" name=\"site-structure\"><\/textarea><\/span>\n\t<\/p>\n\t<p><label for=\"features\">Fonctionnalit\u00e9s sp\u00e9cifiques souhait\u00e9es<\/label><br \/>\n<span class=\"wpcf7-form-control-wrap\" data-name=\"features\"><span class=\"wpcf7-form-control wpcf7-checkbox\"><span class=\"wpcf7-list-item first\"><input type=\"checkbox\" name=\"features[]\" value=\"Formulaire de contact\" \/><span class=\"wpcf7-list-item-label\">Formulaire de contact<\/span><\/span><span class=\"wpcf7-list-item\"><input type=\"checkbox\" name=\"features[]\" value=\"Blog ou actualit\u00e9s\" \/><span class=\"wpcf7-list-item-label\">Blog ou actualit\u00e9s<\/span><\/span><span class=\"wpcf7-list-item\"><input type=\"checkbox\" name=\"features[]\" value=\"Syst\u00e8me de r\u00e9servation ou de prise de rendez-vous\" \/><span class=\"wpcf7-list-item-label\">Syst\u00e8me de r\u00e9servation ou de prise de rendez-vous<\/span><\/span><span class=\"wpcf7-list-item\"><input type=\"checkbox\" name=\"features[]\" value=\"Boutique en ligne\" \/><span class=\"wpcf7-list-item-label\">Boutique en ligne<\/span><\/span><span class=\"wpcf7-list-item\"><input type=\"checkbox\" name=\"features[]\" value=\"Bulletin\" \/><span class=\"wpcf7-list-item-label\">Bulletin<\/span><\/span><span class=\"wpcf7-list-item last\"><input type=\"checkbox\" name=\"features[]\" value=\"Chat en direct\" \/><span class=\"wpcf7-list-item-label\">Chat en direct<\/span><\/span><\/span><\/span>\n\t<\/p>\n\t<p><label for=\"other-features\">Autre fonctionnalit\u00e9 (pr\u00e9ciser)<\/label><br \/>\n<span class=\"wpcf7-form-control-wrap\" data-name=\"other-features\"><input size=\"40\" maxlength=\"400\" class=\"wpcf7-form-control wpcf7-text\" aria-invalid=\"false\" value=\"\" type=\"text\" name=\"other-features\" \/><\/span>\n\t<\/p>\n<\/div>\n\n<!-- Section 5 -->\n<div class=\"form-section\">\n\t<h3>5. R\u00e9f\u00e9rencement et performances\n\t<\/h3>\n\t<p><label for=\"seo-optimization\">Souhaitez-vous optimiser le site pour les moteurs de recherche (SEO) ? *<\/label><br \/>\n<span class=\"wpcf7-form-control-wrap\" data-name=\"seo-optimization\"><select class=\"wpcf7-form-control wpcf7-select wpcf7-validates-as-required\" aria-required=\"true\" aria-invalid=\"false\" name=\"seo-optimization\"><option value=\"Oui\">Oui<\/option><option value=\"Non\">Non<\/option><\/select><\/span>\n\t<\/p>\n\t<p><label for=\"keywords\">Liste des mots-cl\u00e9s principaux *<\/label><br \/>\n<span class=\"wpcf7-form-control-wrap\" data-name=\"keywords\"><textarea cols=\"40\" rows=\"10\" maxlength=\"2000\" class=\"wpcf7-form-control wpcf7-textarea wpcf7-validates-as-required\" aria-required=\"true\" aria-invalid=\"false\" name=\"keywords\"><\/textarea><\/span>\n\t<\/p>\n\t<p><label for=\"target-markets\">R\u00e9gions ou march\u00e9s cibl\u00e9s *<\/label><br \/>\n<span class=\"wpcf7-form-control-wrap\" data-name=\"target-markets\"><textarea cols=\"40\" rows=\"10\" maxlength=\"2000\" class=\"wpcf7-form-control wpcf7-textarea wpcf7-validates-as-required\" aria-required=\"true\" aria-invalid=\"false\" name=\"target-markets\"><\/textarea><\/span>\n\t<\/p>\n\t<p><label for=\"performance-tracking\">Suivi des performances souhait\u00e9 *<\/label><br \/>\n<span class=\"form-note\">(Ex. : Google Analytics, rapports mensuels, etc.)<\/span><br \/>\n<span class=\"wpcf7-form-control-wrap\" data-name=\"performance-tracking\"><textarea cols=\"40\" rows=\"10\" maxlength=\"2000\" class=\"wpcf7-form-control wpcf7-textarea wpcf7-validates-as-required\" aria-required=\"true\" aria-invalid=\"false\" name=\"performance-tracking\"><\/textarea><\/span>\n\t<\/p>\n<\/div>\n\n<!-- Section 6 -->\n<div class=\"form-section\">\n\t<h3>6. H\u00e9bergement et maintenance\n\t<\/h3>\n\t<p><label for=\"domain-name\">Disposez-vous d\u00e9j\u00e0 d'un nom de domaine ? *<\/label><br \/>\n<span class=\"form-note\">(Si oui, pr\u00e9cisez)<\/span><br \/>\n<span class=\"wpcf7-form-control-wrap\" data-name=\"domain-name\"><input size=\"40\" maxlength=\"400\" class=\"wpcf7-form-control wpcf7-text wpcf7-validates-as-required\" aria-required=\"true\" aria-invalid=\"false\" value=\"\" type=\"text\" name=\"domain-name\" \/><\/span>\n\t<\/p>\n\t<p><label for=\"web-hosting\">Disposez-vous d'un h\u00e9bergement web ? *<\/label><br \/>\n<span class=\"form-note\">(Si oui, pr\u00e9cisez le fournisseur)<\/span><br \/>\n<span class=\"wpcf7-form-control-wrap\" data-name=\"web-hosting\"><input size=\"40\" maxlength=\"400\" class=\"wpcf7-form-control wpcf7-text wpcf7-validates-as-required\" aria-required=\"true\" aria-invalid=\"false\" value=\"\" type=\"text\" name=\"web-hosting\" \/><\/span>\n\t<\/p>\n\t<p><label for=\"maintenance\">Souhaitez-vous un service de maintenance pour le site ? *<\/label><br \/>\n<span class=\"wpcf7-form-control-wrap\" data-name=\"maintenance\"><select class=\"wpcf7-form-control wpcf7-select wpcf7-validates-as-required\" aria-required=\"true\" aria-invalid=\"false\" name=\"maintenance\"><option value=\"Oui\">Oui<\/option><option value=\"Non\">Non<\/option><\/select><\/span>\n\t<\/p>\n<\/div>\n\n<!-- Section 7 -->\n<div class=\"form-section\">\n\t<h3>7. Budget et d\u00e9lais\n\t<\/h3>\n\t<p><label for=\"budget\">Budget estim\u00e9 pour la cr\u00e9ation du site *<\/label><br \/>\n<span class=\"form-note\">(Fourchette si possible)<\/span><br \/>\n<span class=\"wpcf7-form-control-wrap\" data-name=\"budget\"><input size=\"40\" maxlength=\"400\" class=\"wpcf7-form-control wpcf7-text wpcf7-validates-as-required\" aria-required=\"true\" aria-invalid=\"false\" value=\"\" type=\"text\" name=\"budget\" \/><\/span>\n\t<\/p>\n\t<p><label for=\"deadline\">Date souhait\u00e9e pour la mise en ligne *<\/label><br \/>\n<span class=\"wpcf7-form-control-wrap\" data-name=\"deadline\"><input class=\"wpcf7-form-control wpcf7-date wpcf7-validates-as-required wpcf7-validates-as-date\" aria-required=\"true\" aria-invalid=\"false\" value=\"\" type=\"date\" name=\"deadline\" \/><\/span>\n\t<\/p>\n\t<p><label for=\"important-deadlines\">Y a-t-il des \u00e9ch\u00e9ances importantes \u00e0 respecter ?<\/label><br \/>\n<span class=\"wpcf7-form-control-wrap\" data-name=\"important-deadlines\"><textarea cols=\"40\" rows=\"10\" maxlength=\"2000\" class=\"wpcf7-form-control wpcf7-textarea\" aria-invalid=\"false\" name=\"important-deadlines\"><\/textarea><\/span>\n\t<\/p>\n<\/div>\n\n<!-- Section 8 -->\n<div class=\"form-section\">\n\t<h3>8. Informations compl\u00e9mentaires\n\t<\/h3>\n\t<p><label for=\"additional-needs\">Autres besoins ou sp\u00e9cifications particuli\u00e8res<\/label><br \/>\n<span class=\"form-note\">(Ex. : Int\u00e9gration avec des outils sp\u00e9cifiques, gestion de base de donn\u00e9es, etc.)<\/span><br \/>\n<span class=\"wpcf7-form-control-wrap\" data-name=\"additional-needs\"><textarea cols=\"40\" rows=\"10\" maxlength=\"2000\" class=\"wpcf7-form-control wpcf7-textarea\" aria-invalid=\"false\" name=\"additional-needs\"><\/textarea><\/span>\n\t<\/p>\n\t<p><label for=\"specific-requirements\">Avez-vous des remarques ou des attentes sp\u00e9cifiques ?<\/label><br \/>\n<span class=\"wpcf7-form-control-wrap\" data-name=\"specific-requirements\"><textarea cols=\"40\" rows=\"10\" maxlength=\"2000\" class=\"wpcf7-form-control wpcf7-textarea\" aria-invalid=\"false\" name=\"specific-requirements\"><\/textarea><\/span>\n\t<\/p>\n<\/div>\n<div class=\"form-section\">\n\t<h3>Pi\u00e8ces jointes\n\t<\/h3>\n\t<p><label for=\"attachments\">Souhaitez-vous joindre un fichier ? <\/label><br \/>\n<span class=\"form-note\">(Logos, images, textes, documents li\u00e9s, etc. - Max 10MB par fichier)<\/span><br \/>\n<span class=\"wpcf7-form-control-wrap\" data-name=\"attachments\"><input size=\"40\" class=\"wpcf7-form-control wpcf7-file\" accept=\".pdf,.doc,.docx,.jpg,.jpeg,.png,.gif\" aria-invalid=\"false\" type=\"file\" name=\"attachments\" \/><\/span>\n\t<\/p>\n<\/div>\n\n<!-- Bouton Envoyer -->\n<div class=\"form-footer\">\n\t<p>Merci de remplir ce formulaire avec le maximum de d\u00e9tails pour nous permettre de vous offrir un service sur mesure.\n\t<\/p>\n\t<div class=\"form-section\">\n\t\t<p><label><br \/>\n<span class=\"wpcf7-form-control-wrap\" data-name=\"privacy-policy\"><span class=\"wpcf7-form-control wpcf7-acceptance\"><span class=\"wpcf7-list-item\"><label><input type=\"checkbox\" name=\"privacy-policy\" value=\"1\" class=\"form-control\" aria-invalid=\"false\" \/><span class=\"wpcf7-list-item-label\">J'ai lu et j'accepte les termes et conditions de la <a href=\"https:\/\/labprodigi.com\/websitegestion\/notre-politique-de-confidentialite\" target=\"_blank\">politique de confidentialit\u00e9<\/a><\/span><\/label><\/span><\/span><\/span><br \/>\n<\/label>\n\t\t<\/p>\n\t<\/div>\n\t<p><input type=\"hidden\" name=\"g-recaptcha-response\" value=\"\" \/>\n\t<\/p>\n\t<p><input class=\"wpcf7-form-control wpcf7-submit has-spinner\" type=\"submit\" value=\"Envoyer le formulaire\" \/>\n\t<\/p>\n<\/div><div class=\"wpcf7-response-output\" aria-hidden=\"true\"><\/div>\n<\/form>\n<\/div>\n<\/div>\n","protected":false},"excerpt":{"rendered":"","protected":false},"author":4,"featured_media":0,"parent":0,"menu_order":0,"comment_status":"closed","ping_status":"closed","template":"","meta":{"_eb_attr":"","_uag_custom_page_level_css":"","site-sidebar-layout":"default","site-content-layout":"","ast-site-content-layout":"","site-content-style":"default","site-sidebar-style":"default","ast-global-header-display":"","ast-banner-title-visibility":"","ast-main-header-display":"","ast-hfb-above-header-display":"","ast-hfb-below-header-display":"","ast-hfb-mobile-header-display":"","site-post-title":"","ast-breadcrumbs-content":"","ast-featured-img":"","footer-sml-layout":"","ast-disable-related-posts":"","theme-transparent-header-meta":"","adv-header-id-meta":"","stick-header-meta":"","header-above-stick-meta":"","header-main-stick-meta":"","header-below-stick-meta":"","astra-migrate-meta-layouts":"default","ast-page-background-enabled":"default","ast-page-background-meta":{"desktop":{"background-color":"var(--ast-global-color-4)","background-image":"","background-repeat":"repeat","background-position":"center center","background-size":"auto","background-attachment":"scroll","background-type":"","background-media":"","overlay-type":"","overlay-color":"","overlay-opacity":"","overlay-gradient":""},"tablet":{"background-color":"","background-image":"","background-repeat":"repeat","background-position":"center center","background-size":"auto","background-attachment":"scroll","background-type":"","background-media":"","overlay-type":"","overlay-color":"","overlay-opacity":"","overlay-gradient":""},"mobile":{"background-color":"","background-image":"","background-repeat":"repeat","background-position":"center center","background-size":"auto","background-attachment":"scroll","background-type":"","background-media":"","overlay-type":"","overlay-color":"","overlay-opacity":"","overlay-gradient":""}},"ast-content-background-meta":{"desktop":{"background-color":"var(--ast-global-color-5)","background-image":"","background-repeat":"repeat","background-position":"center center","background-size":"auto","background-attachment":"scroll","background-type":"","background-media":"","overlay-type":"","overlay-color":"","overlay-opacity":"","overlay-gradient":""},"tablet":{"background-color":"var(--ast-global-color-5)","background-image":"","background-repeat":"repeat","background-position":"center center","background-size":"auto","background-attachment":"scroll","background-type":"","background-media":"","overlay-type":"","overlay-color":"","overlay-opacity":"","overlay-gradient":""},"mobile":{"background-color":"var(--ast-global-color-5)","background-image":"","background-repeat":"repeat","background-position":"center center","background-size":"auto","background-attachment":"scroll","background-type":"","background-media":"","overlay-type":"","overlay-color":"","overlay-opacity":"","overlay-gradient":""}},"footnotes":""},"class_list":["post-721","page","type-page","status-publish","hentry"],"uagb_featured_image_src":{"full":false,"thumbnail":false,"medium":false,"medium_large":false,"large":false,"1536x1536":false,"2048x2048":false,"depicter-thumbnail":false},"uagb_author_info":{"display_name":"Web Site Gestion","author_link":"https:\/\/labprodigi.com\/websitegestion\/author\/mario-santoncinigmail-com\/"},"uagb_comment_info":0,"uagb_excerpt":null,"_links":{"self":[{"href":"https:\/\/labprodigi.com\/websitegestion\/wp-json\/wp\/v2\/pages\/721","targetHints":{"allow":["GET"]}}],"collection":[{"href":"https:\/\/labprodigi.com\/websitegestion\/wp-json\/wp\/v2\/pages"}],"about":[{"href":"https:\/\/labprodigi.com\/websitegestion\/wp-json\/wp\/v2\/types\/page"}],"author":[{"embeddable":true,"href":"https:\/\/labprodigi.com\/websitegestion\/wp-json\/wp\/v2\/users\/4"}],"replies":[{"embeddable":true,"href":"https:\/\/labprodigi.com\/websitegestion\/wp-json\/wp\/v2\/comments?post=721"}],"version-history":[{"count":9,"href":"https:\/\/labprodigi.com\/websitegestion\/wp-json\/wp\/v2\/pages\/721\/revisions"}],"predecessor-version":[{"id":733,"href":"https:\/\/labprodigi.com\/websitegestion\/wp-json\/wp\/v2\/pages\/721\/revisions\/733"}],"wp:attachment":[{"href":"https:\/\/labprodigi.com\/websitegestion\/wp-json\/wp\/v2\/media?parent=721"}],"curies":[{"name":"wp","href":"https:\/\/api.w.org\/{rel}","templated":true}]}}