{"id":54,"date":"2024-11-11T18:51:23","date_gmt":"2024-11-11T18:51:23","guid":{"rendered":"https:\/\/multipurpose23.ziptemplates.top\/?page_id=54"},"modified":"2024-12-22T21:23:38","modified_gmt":"2024-12-22T21:23:38","slug":"contact","status":"publish","type":"page","link":"https:\/\/labprodigi.com\/websitegestion\/contact\/","title":{"rendered":"Contact"},"content":{"rendered":"\n<div class=\"wp-block-uagb-container uagb-block-a6be1363 alignfull uagb-is-root-container\"><div class=\"uagb-container__shape uagb-container__shape-bottom uagb-container__shape-flip uagb-container__invert\" data-negative=\"false\"><svg xmlns=\"https:\/\/www.w3.org\/2000\/svg\" viewBox=\"0 0 1000 100\" preserveAspectRatio=\"none\"><path class=\"uagb-container__shape-fill\" d=\"M0,6V0h1000v100L0,6z\"><\/path><\/svg><\/div><div class=\"uagb-container-inner-blocks-wrap\">\n<div class=\"wp-block-uagb-advanced-heading uagb-block-81d18f4d\"><p class=\"uagb-desc-text\">Contactez-nous<\/p><h1 class=\"uagb-heading-text\">Entrer en relation avec notre \u00e9quipe<\/h1><\/div>\n<\/div><\/div>\n\n\n\n<div class=\"wp-block-uagb-container uagb-block-a2d304eb alignfull uagb-is-root-container\"><div class=\"uagb-container__shape uagb-container__shape-bottom uagb-container__shape-flip uagb-container__invert\" data-negative=\"false\"><svg xmlns=\"https:\/\/www.w3.org\/2000\/svg\" viewBox=\"0 0 1000 100\" preserveAspectRatio=\"none\"><path class=\"uagb-container__shape-fill\" d=\"M0,6V0h1000v100L0,6z\"><\/path><\/svg><\/div><div class=\"uagb-container-inner-blocks-wrap\">\n<div class=\"wp-block-uagb-advanced-heading uagb-block-1fd5f659\"><p class=\"uagb-desc-text\">Nos informations<\/p><h2 class=\"uagb-heading-text\">Nous sommes l\u00e0 pour r\u00e9pondre \u00e0 vos questions<\/h2><\/div>\n\n\n\n<div class=\"wp-block-uagb-container uagb-block-078241dc\">\n<div class=\"wp-block-uagb-advanced-heading uagb-block-a775041b\"><div class=\"uagb-heading-text\">T\u00e9l\u00e9phone<\/div><p class=\"uagb-desc-text\">+33745260674<\/p><\/div>\n\n\n\n<div class=\"wp-block-uagb-advanced-heading uagb-block-bacfd3a3\"><div class=\"uagb-heading-text\">Email<\/div><p class=\"uagb-desc-text\"><a href=\"mailto:contact-web-site-gestion@labprodigi.com\">contact-web-site-gestion@labprodigi.com<\/a><\/p><\/div>\n\n\n\n<div class=\"wp-block-uagb-advanced-heading uagb-block-331c05bb\"><div class=\"uagb-heading-text\">Adresse<\/div><p class=\"uagb-desc-text\">LISSAY LOCHY FRANCE<\/p><\/div>\n\n\n\n<div class=\"wp-block-uagb-container uagb-block-443055f5\">\n<div class=\"wp-block-uagb-advanced-heading uagb-block-45d98320\"><div class=\"uagb-heading-text\">M\u00e9dias sociaux<\/div><\/div>\n\n\n\n<div class=\"wp-block-uagb-icon-list uagb-block-27cb2f14\"><div class=\"uagb-icon-list__wrap\">\n<div class=\"wp-block-uagb-icon-list-child uagb-block-fd15eccd\"><a target=\"_blank\" aria-label=\"List item\" rel=\"noopener noreferrer\" href=\"#\"> <\/a><span class=\"uagb-icon-list__source-wrap\"><svg xmlns=\"https:\/\/www.w3.org\/2000\/svg\" viewBox=\"0 0 512 512\"><path d=\"M504 256C504 119 393 8 256 8S8 119 8 256c0 123.8 90.69 226.4 209.3 245V327.7h-63V256h63v-54.64c0-62.15 37-96.48 93.67-96.48 27.14 0 55.52 4.84 55.52 4.84v61h-31.28c-30.8 0-40.41 19.12-40.41 38.73V256h68.78l-11 71.69h-57.78V501C413.3 482.4 504 379.8 504 256z\"><\/path><\/svg><\/span><\/div>\n\n\n\n<div class=\"wp-block-uagb-icon-list-child uagb-block-9fb35515\"><a target=\"_blank\" aria-label=\"List item\" rel=\"noopener noreferrer\" href=\"#\"> <\/a><span class=\"uagb-icon-list__source-wrap\"><svg xmlns=\"https:\/\/www.w3.org\/2000\/svg\" viewBox=\"0 0 512 512\"><path d=\"M459.4 151.7c.325 4.548 .325 9.097 .325 13.65 0 138.7-105.6 298.6-298.6 298.6-59.45 0-114.7-17.22-161.1-47.11 8.447 .974 16.57 1.299 25.34 1.299 49.06 0 94.21-16.57 130.3-44.83-46.13-.975-84.79-31.19-98.11-72.77 6.498 .974 12.99 1.624 19.82 1.624 9.421 0 18.84-1.3 27.61-3.573-48.08-9.747-84.14-51.98-84.14-102.1v-1.299c13.97 7.797 30.21 12.67 47.43 13.32-28.26-18.84-46.78-51.01-46.78-87.39 0-19.49 5.197-37.36 14.29-52.95 51.65 63.67 129.3 105.3 216.4 109.8-1.624-7.797-2.599-15.92-2.599-24.04 0-57.83 46.78-104.9 104.9-104.9 30.21 0 57.5 12.67 76.67 33.14 23.72-4.548 46.46-13.32 66.6-25.34-7.798 24.37-24.37 44.83-46.13 57.83 21.12-2.273 41.58-8.122 60.43-16.24-14.29 20.79-32.16 39.31-52.63 54.25z\"><\/path><\/svg><\/span><\/div>\n\n\n\n<div class=\"wp-block-uagb-icon-list-child uagb-block-d1934bf2\"><a target=\"_blank\" aria-label=\"List item\" rel=\"noopener noreferrer\" href=\"#\"> <\/a><span class=\"uagb-icon-list__source-wrap\"><svg xmlns=\"https:\/\/www.w3.org\/2000\/svg\" viewBox=\"0 0 448 512\"><path d=\"M224.1 141c-63.6 0-114.9 51.3-114.9 114.9s51.3 114.9 114.9 114.9S339 319.5 339 255.9 287.7 141 224.1 141zm0 189.6c-41.1 0-74.7-33.5-74.7-74.7s33.5-74.7 74.7-74.7 74.7 33.5 74.7 74.7-33.6 74.7-74.7 74.7zm146.4-194.3c0 14.9-12 26.8-26.8 26.8-14.9 0-26.8-12-26.8-26.8s12-26.8 26.8-26.8 26.8 12 26.8 26.8zm76.1 27.2c-1.7-35.9-9.9-67.7-36.2-93.9-26.2-26.2-58-34.4-93.9-36.2-37-2.1-147.9-2.1-184.9 0-35.8 1.7-67.6 9.9-93.9 36.1s-34.4 58-36.2 93.9c-2.1 37-2.1 147.9 0 184.9 1.7 35.9 9.9 67.7 36.2 93.9s58 34.4 93.9 36.2c37 2.1 147.9 2.1 184.9 0 35.9-1.7 67.7-9.9 93.9-36.2 26.2-26.2 34.4-58 36.2-93.9 2.1-37 2.1-147.8 0-184.8zM398.8 388c-7.8 19.6-22.9 34.7-42.6 42.6-29.5 11.7-99.5 9-132.1 9s-102.7 2.6-132.1-9c-19.6-7.8-34.7-22.9-42.6-42.6-11.7-29.5-9-99.5-9-132.1s-2.6-102.7 9-132.1c7.8-19.6 22.9-34.7 42.6-42.6 29.5-11.7 99.5-9 132.1-9s102.7-2.6 132.1 9c19.6 7.8 34.7 22.9 42.6 42.6 11.7 29.5 9 99.5 9 132.1s2.7 102.7-9 132.1z\"><\/path><\/svg><\/span><\/div>\n\n\n\n<div class=\"wp-block-uagb-icon-list-child uagb-block-c601cc54\"><a target=\"_blank\" aria-label=\"List item\" rel=\"noopener noreferrer\" href=\"#\"> <\/a><span class=\"uagb-icon-list__source-wrap\"><svg xmlns=\"https:\/\/www.w3.org\/2000\/svg\" viewBox=\"0 0 576 512\"><path d=\"M549.7 124.1c-6.281-23.65-24.79-42.28-48.28-48.6C458.8 64 288 64 288 64S117.2 64 74.63 75.49c-23.5 6.322-42 24.95-48.28 48.6-11.41 42.87-11.41 132.3-11.41 132.3s0 89.44 11.41 132.3c6.281 23.65 24.79 41.5 48.28 47.82C117.2 448 288 448 288 448s170.8 0 213.4-11.49c23.5-6.321 42-24.17 48.28-47.82 11.41-42.87 11.41-132.3 11.41-132.3s0-89.44-11.41-132.3zm-317.5 213.5V175.2l142.7 81.21-142.7 81.2z\"><\/path><\/svg><\/span><\/div>\n\n\n\n<div class=\"wp-block-uagb-icon-list-child uagb-block-ddbda12f\"><a target=\"_blank\" aria-label=\"List item\" rel=\"noopener noreferrer\" href=\"#\"> <\/a><span class=\"uagb-icon-list__source-wrap\"><svg xmlns=\"https:\/\/www.w3.org\/2000\/svg\" viewBox=\"0 0 448 512\"><path d=\"M416 32H31.9C14.3 32 0 46.5 0 64.3v383.4C0 465.5 14.3 480 31.9 480H416c17.6 0 32-14.5 32-32.3V64.3c0-17.8-14.4-32.3-32-32.3zM135.4 416H69V202.2h66.5V416zm-33.2-243c-21.3 0-38.5-17.3-38.5-38.5S80.9 96 102.2 96c21.2 0 38.5 17.3 38.5 38.5 0 21.3-17.2 38.5-38.5 38.5zm282.1 243h-66.4V312c0-24.8-.5-56.7-34.5-56.7-34.6 0-39.9 27-39.9 54.9V416h-66.4V202.2h63.7v29.2h.9c8.9-16.8 30.6-34.5 62.9-34.5 67.2 0 79.7 44.3 79.7 101.9V416z\"><\/path><\/svg><\/span><\/div>\n<\/div><\/div>\n<\/div>\n<\/div>\n<\/div><\/div>\n\n\n\n<div class=\"wp-block-uagb-container uagb-layout-grid uagb-block-b35a9a4b alignfull uagb-is-root-container\"><div class=\"uagb-container-inner-blocks-wrap\">\n<div class=\"wp-block-uagb-container uagb-block-67c1e4f4\">\n<div class=\"wp-block-uagb-advanced-heading uagb-block-63a3ae2e\"><h2 class=\"uagb-heading-text\">Remplissez le formulaire ci-dessous<\/h2><\/div>\n\n\n\n<div class=\"wp-block-uagb-forms uagb-forms__outer-wrap uagb-block-cddf3031 uagb-forms__medium-btn\"><form class=\"uagb-forms-main-form\" method=\"post\" autocomplete=\"on\" name=\"uagb-form-cddf3031\">\n<div class=\"wp-block-uagb-forms-name uagb-forms-name-wrap uagb-forms-field-set uagb-block-1e531169\"><div class=\"uagb-forms-name-label required uagb-forms-input-label\" id=\"1e531169\">First Name<\/div><input type=\"text\" placeholder=\"Nom\" required class=\"uagb-forms-name-input uagb-forms-input\" name=\"1e531169\" autocomplete=\"given-name\"\/><\/div>\n\n\n\n<div class=\"wp-block-uagb-forms-email uagb-forms-email-wrap uagb-forms-field-set uagb-block-12a8601e\"><div class=\"uagb-forms-email-label required uagb-forms-input-label\" id=\"12a8601e\">Email<\/div><input type=\"email\" class=\"uagb-forms-email-input uagb-forms-input\" placeholder=\"Email\" required name=\"12a8601e\" autocomplete=\"email\"\/><\/div>\n\n\n\n<div class=\"wp-block-uagb-forms-textarea uagb-forms-textarea-wrap uagb-forms-field-set uagb-block-14fa1dcd\"><div class=\"uagb-forms-textarea-label required uagb-forms-input-label\" id=\"14fa1dcd\">Message<\/div><textarea required class=\"uagb-forms-textarea-input uagb-forms-input\" rows=\"6\" placeholder=\"Message\" name=\"14fa1dcd\" autocomplete=\"off\"><\/textarea><\/div>\n<div class=\"uagb-forms-form-hidden-data\"><input type=\"hidden\" class=\"uagb_forms_form_label\" value=\"Spectra Form\"\/><input type=\"hidden\" class=\"uagb_forms_form_id\" value=\"uagb-form-cddf3031\"\/><\/div><div class=\"uagb-form-reacaptcha-error-cddf3031\"><\/div><div class=\"uagb-forms-main-submit-button-wrap wp-block-button\"><button class=\"uagb-forms-main-submit-button wp-block-button__link\"><div class=\"uagb-forms-main-submit-button-text\">Soumettre<\/div><\/button><\/div><\/form><div class=\"uagb-forms-success-message-cddf3031 uagb-forms-submit-message-hide\"><span>Le formulaire a \u00e9t\u00e9 soumis avec succ\u00e8s !<\/span><\/div><div class=\"uagb-forms-failed-message-cddf3031 uagb-forms-submit-message-hide\"><span>Une erreur s&rsquo;est produite lors de l&rsquo;envoi du formulaire. Veuillez v\u00e9rifier \u00e0 nouveau tous les champs du formulaire.<\/span><\/div><\/div>\n<\/div>\n\n\n\t\t\t<div \n\t\t\tclass=\"wp-block-uagb-google-map uagb-google-map__wrap uagb-block-f38b1dd8     \"\n\t\t\tstyle=\"\" >\n\t\t\t\t<embed\n\t\t\t\t\tclass=\"uagb-google-map__iframe\"\n\t\t\t\t\ttitle=\"Carte Google pour \"\n\t\t\t\t\tsrc=\"https:\/\/maps.google.com\/maps?q=LISSAY%20LOCHY%20FRANCE&#038;z=12&#038;hl=en&#038;t=m&#038;output=embed&#038;iwloc=near\"\n\t\t\t\t\twidth=\"640\"\n\t\t\t\t\theight=\"500\"\n\t\t\t\t\tloading=\"lazy\"\n\t\t\t\t><\/embed>\n\t\t\t<\/div>\n\t\t\t<\/div><\/div>\n\n\n\n<div class=\"wp-block-uagb-container uagb-block-8910f097 alignfull uagb-is-root-container\"><div class=\"uagb-container-inner-blocks-wrap\">\n<!DOCTYPE html>\n<html lang=\"fr\">\n<head>\n    <meta charset=\"UTF-8\">\n    <meta name=\"viewport\" content=\"width=device-width, initial-scale=1.0\">\n    <meta name=\"description\" content=\"Contactez WebsiteGestion pour la cr\u00e9ation, gestion et maintenance de sites web pour PME et particuliers.\">\n    <title>Contactez-nous | WebsiteGestion<\/title>\n    <style>\n        body {\n            background-color: #eff6f7;\n            color: #000000;\n            font-family: Arial, sans-serif;\n            line-height: 1.6;\n            margin: 0;\n            padding: 0;\n        }\n        \/* Titre h1 et h2 avec la couleur #0497af *\/\n        h1, h2 {\n            color: #000000; \/* Par d\u00e9faut en noir *\/\n            text-align: center;\n            margin: 20px 0;\n        }\n        \/* Appliquer la couleur #0497af uniquement aux titres sp\u00e9cifiques *\/\n        h1.highlighted-title, h2.highlighted-title {\n            color: #0497af;\n        }\n        .section-content {\n            text-align: justify;\n            margin: 20px auto;\n            width: 90%;\n            max-width: 600px;\n        }\n        .interactive-field {\n            background-color: #0497af;\n            color: #FFFFFF;\n            padding: 10px;\n            margin: 15px auto;\n            width: 90%;\n            max-width: 400px;\n            text-align: center;\n            cursor: pointer;\n            border-radius: 5px;\n            font-size: 14px;\n        }\n        .interactive-field:hover {\n            background-color: #00afcb;\n        }\n        .response {\n            display: none;\n            background-color: #FFFFFF;\n            color: #000000;\n            padding: 10px;\n            margin: 10px auto;\n            width: 90%;\n            max-width: 400px;\n            border-radius: 5px;\n            font-size: 14px;\n        }\n        .buttons-container {\n            text-align: center;\n            margin-top: 20px;\n        }\n        \/* Suppression du soulignement des boutons *\/\n        .button {\n            display: inline-block;\n            background-color: #0497af;\n            color: #FFFFFF;\n            padding: 10px 20px;\n            margin: 10px;\n            text-decoration: none !important; \/* Ajout de !important pour forcer la suppression du soulignement *\/\n            border-radius: 25px;\n            font-size: 14px;\n        }\n        .button:hover {\n            background-color: #00afcb;\n        }\n        .centered-list {\n            text-align: center;\n        }\n        .centered-list ul {\n            display: inline-block;\n            text-align: left;\n            list-style-type: disc;\n            padding-left: 20px;\n        }\n        .centered-list li {\n            margin-bottom: 10px;\n        }\n    <\/style>\n<\/head>\n<body>\n    <!-- Titres avec classe pour appliquer la couleur sp\u00e9cifique -->\n    <h2 class=\"highlighted-title\">Contactez-nous d\u00e8s aujourd&rsquo;hui et Donnez vie \u00e0 vos projets web !<\/h1>\n\n    <section class=\"section-content\">\n        <p>Vous avez une id\u00e9e de site web en t\u00eate ? Vous souhaitez moderniser votre pr\u00e9sence en ligne ou confier la gestion et la maintenance de votre site \u00e0 des professionnels ? <strong>WebsiteGestion<\/strong> est l\u00e0 pour vous accompagner \u00e0 chaque \u00e9tape. Que vous soyez une PME en qu\u00eate d\u2019un site performant ou un particulier avec un projet sp\u00e9cifique, nous avons les solutions adapt\u00e9es \u00e0 vos besoins.<\/p>\n\n        <p><strong>Pourquoi nous contacter ?<\/strong><br>Chez WebsiteGestion, notre mission est simple : vous offrir un service fiable, personnalis\u00e9 et cl\u00e9 en main. Nous comprenons que chaque projet est unique, c\u2019est pourquoi nous prenons le temps d\u2019\u00e9couter vos besoins et de proposer des solutions sur mesure. Voici ce que nous pouvons faire pour vous :<\/p>\n    <\/section>\n\n    <h2 class=\"highlighted-title\">Notre processus<\/h2>\n    <p class=\"section-content\">Lorsque vous nous contactez via notre page d\u00e9di\u00e9e, vous b\u00e9n\u00e9ficiez d\u2019une approche humaine et professionnelle. Nous ne sommes pas qu\u2019un prestataire technique : nous sommes votre partenaire cl\u00e9 dans le d\u00e9veloppement de votre pr\u00e9sence en ligne. Voici comment se d\u00e9roule notre processus :<\/p>\n\n    <!-- Champs interactifs -->\n    <div class=\"interactive-field\" onclick=\"toggleResponse('ecoute')\">\u00c9coute attentive<\/div>\n    <div id=\"ecoute\" class=\"response\">Expliquez-nous vos besoins, vos objectifs et vos attentes. Nous sommes l\u00e0 pour comprendre votre vision.<\/div>\n\n    <div class=\"interactive-field\" onclick=\"toggleResponse('analyse')\">Analyse personnalis\u00e9e<\/div>\n    <div id=\"analyse\" class=\"response\">Nous \u00e9tudions votre projet ou votre site existant afin de d\u00e9finir les meilleures solutions.<\/div>\n\n    <div class=\"interactive-field\" onclick=\"toggleResponse('proposition')\">Proposition claire<\/div>\n    <div id=\"proposition\" class=\"response\">Vous recevez une offre d\u00e9taill\u00e9e avec des recommandations adapt\u00e9es \u00e0 vos besoins.<\/div>\n\n    <div class=\"interactive-field\" onclick=\"toggleResponse('mise-en-oeuvre')\">Mise en \u0153uvre rapide<\/div>\n    <div id=\"mise-en-oeuvre\" class=\"response\">Une fois valid\u00e9e, notre \u00e9quipe se charge de tout pour garantir des r\u00e9sultats rapides et efficaces.<\/div>\n\n    <!-- Contact -->\n    <p class=\"section-content\">Que vous ayez une question, besoin d\u2019un devis ou simplement envie d\u2019en savoir plus sur nos services, n\u2019h\u00e9sitez pas \u00e0 nous \u00e9crire ou \u00e0 nous appeler ! Comment nous joindre ? Nous avons rendu le processus simple et accessible pour que vous puissiez nous contacter sans effort :<\/p>\n\n    <!-- Champs interactifs pour contact -->\n    <div class=\"interactive-field\" onclick=\"toggleResponse('formulaire')\">Formulaire en ligne<\/div>\n    <div id=\"formulaire\" class=\"response\">Remplissez notre formulaire ci-dessous avec vos informations et d\u00e9tails sur votre projet. Nous reviendrons vers vous sous 24 heures !<\/div>\n\n    <div class=\"interactive-field\" onclick=\"toggleResponse('email')\">Email direct<\/div>\n    <div id=\"email\" class=\"response\">Pr\u00e9f\u00e9rez-vous envoyer un message d\u00e9taill\u00e9 ? \u00c9crivez-nous \u00e0 contact-web-site-gestion@labprodigi.com.<\/div>\n\n    <div class=\"interactive-field\" onclick=\"toggleResponse('appel')\">Appel t\u00e9l\u00e9phonique<\/div>\n    <div id=\"appel\" class=\"response\">Besoin d\u2019une r\u00e9ponse imm\u00e9diate ? Appelez-nous au +337.45.26.06.74 du lundi au vendredi entre 9h00 et 18h00.<\/div>\n\n    <!-- Texte suppl\u00e9mentaire -->\n    <p class=\"section-content\">Nous croyons fermement que chaque interaction compte. C\u2019est pourquoi notre \u00e9quipe s\u2019engage \u00e0 r\u00e9pondre rapidement et efficacement \u00e0 toutes vos demandes.<\/p>\n\n    <!-- Pourquoi choisir WebsiteGestion -->\n    <h2 class=\"highlighted-title\">Pourquoi choisir WebsiteGestion ?<\/h2>\n    <p class=\"section-content\">\n        Des dizaines de PME et particuliers nous font d\u00e9j\u00e0 confiance pour leurs projets web. Voici ce qui fait notre diff\u00e9rence :\n    <\/p>\n    <div class=\"centered-list\">\n        <ul>\n            <li>Une \u00e9quipe passionn\u00e9e par le digital.<\/li>\n            <li>Des solutions adapt\u00e9es \u00e0 tous les budgets.<\/li>\n            <li>Un accompagnement complet, m\u00eame apr\u00e8s la livraison du projet.<\/li>\n            <li>Une expertise technique alli\u00e9e \u00e0 une approche humaine.<\/li>\n        <\/ul>\n    <\/div>\n\n    <!-- Boutons -->\n    <h2 class=\"highlighted-title\">Cliquez sur les boutons ci-dessous pour acc\u00e9der au formulaire de contact ou au formulaire de renseignement<\/h2>\n    <div class=\"buttons-container\">\n        <a href=\"#top\" class=\"button\">Haut de page<\/a>\n        <a href=\"https:\/\/labprodigi.com\/websitegestion\/formulaire-de-renseignements\/\" class=\"button\">Formulaire de renseignement<\/a>\n    <\/div>\n\n    <!-- Script JS -->\n    <script>\n        function toggleResponse(id) {\n            const response = document.getElementById(id);\n            if (response.style.display === \"none\" || response.style.display === \"\") {\n                response.style.display = \"block\";\n            } else {\n                response.style.display = \"none\";\n            }\n        }\n    <\/script>\n<\/body>\n<\/html>\n\n\n\n<div class=\"wp-block-uagb-container uagb-block-9ffe49da\">\n<div class=\"wp-block-uagb-separator uagb-block-72028120\"><div class=\"wp-block-uagb-separator__inner\" style=\"--my-background-image:\"><\/div><\/div>\n\n\n\n<div class=\"wp-block-columns is-layout-flex wp-container-core-columns-is-layout-28f84493 wp-block-columns-is-layout-flex\">\n<div class=\"wp-block-column is-layout-flow wp-block-column-is-layout-flow\">\n<h3 class=\"wp-block-heading has-ast-global-color-0-color has-text-color has-link-color wp-elements-b36a5438f1323deae69e83d5d6d3fc66\">Ne manquez plus aucune opportunit\u00e9 pour optimiser votre pr\u00e9sence en ligne !<\/h3>\n\n\n\n<p><strong>Inscrivez-vous <\/strong>d\u00e8s aujourd\u2019hui \u00e0 notre newsletter et recevez directement dans votre bo\u00eete mail des conseils exclusifs, des astuces pratiques et les derni\u00e8res tendances du web. Que vous soyez entrepreneur, freelance ou passionn\u00e9 par le digital, notre contenu est con\u00e7u pour vous inspirer et vous aider \u00e0 atteindre vos objectifs. En bonus, b\u00e9n\u00e9ficiez d\u2019offres sp\u00e9ciales et de ressources gratuites r\u00e9serv\u00e9es \u00e0 nos abonn\u00e9s. Rejoignez d\u00e8s maintenant notre communaut\u00e9 et faites un pas de plus vers le succ\u00e8s de vos projets web.&nbsp;<\/p>\n\n\n\n<p class=\"has-ast-global-color-0-color has-text-color has-link-color wp-elements-d707112f005b8ea18189f9ff46416d7b\"><strong>Inscrivez-vous, c\u2019est gratuit et sans engagement !<\/strong><\/p>\n\n\n\n<div class=\"wp-block-buttons is-content-justification-left is-layout-flex wp-container-core-buttons-is-layout-fc4fd283 wp-block-buttons-is-layout-flex\">\n<div class=\"wp-block-button\"><a class=\"wp-block-button__link wp-element-button\" href=\"https:\/\/labprodigi.com\/websitegestion\/newsletter\/\">Inscription \u00e0 notre newsletter<\/a><\/div>\n<\/div>\n<\/div>\n\n\n\n<div class=\"wp-block-column is-layout-flow wp-block-column-is-layout-flow\">\n<figure class=\"wp-block-image aligncenter size-full is-resized\"><img fetchpriority=\"high\" decoding=\"async\" width=\"750\" height=\"763\" src=\"https:\/\/labprodigi.com\/websitegestion\/wp-content\/uploads\/2024\/12\/1e8f0572-image-copy-copy.png\" alt=\"Cr\u00e9ation de site web Image Newsletter\" class=\"wp-image-1015\" style=\"width:450px;height:auto\" srcset=\"https:\/\/labprodigi.com\/websitegestion\/wp-content\/uploads\/2024\/12\/1e8f0572-image-copy-copy.png 750w, https:\/\/labprodigi.com\/websitegestion\/wp-content\/uploads\/2024\/12\/1e8f0572-image-copy-copy-295x300.png 295w, https:\/\/labprodigi.com\/websitegestion\/wp-content\/uploads\/2024\/12\/1e8f0572-image-copy-copy-200x203.png 200w\" sizes=\"(max-width: 750px) 100vw, 750px\" \/><\/figure>\n<\/div>\n<\/div>\n<\/div>\n<\/div><\/div>\n\n\n\n<div class=\"wp-block-uagb-container uagb-block-6f82293b alignfull uagb-is-root-container\"><div class=\"uagb-container__shape uagb-container__shape-top uagb-container__shape-flip\"><svg xmlns=\"https:\/\/www.w3.org\/2000\/svg\" viewBox=\"0 0 1000 100\" preserveAspectRatio=\"none\"><path class=\"uagb-container__shape-fill\" d=\"M0,6V0h1000v100L0,6z\"><\/path><\/svg><\/div><div class=\"uagb-container-inner-blocks-wrap\">\n<div class=\"wp-block-uagb-info-box uagb-block-2de13869 uagb-infobox__content-wrap  uagb-infobox-icon-above-title uagb-infobox-image-valign-top wp-block-uagb-info-box--has-margin\"><div class=\"uagb-infobox-margin-wrapper\"><div class=\"uagb-ifb-content\"><div class=\"uagb-ifb-title-wrap\"><span class=\"uagb-ifb-title-prefix\">Pr\u00eat \u00e0 commencer<\/span><h2 class=\"uagb-ifb-title\">Transformez votre id\u00e9e en un site web r\u00e9ussi aujourd&rsquo;hui<\/h2><\/div><p class=\"uagb-ifb-desc\">Contactez-nous d\u00e8s maintenant pour obtenir votre devis gratuit et commencer votre projet.<\/p><div class=\"uagb-ifb-button-wrapper wp-block-button\"><a href=\"formulaire-de-renseignements\" class=\"uagb-infobox-cta-link wp-block-button__link\" target=\"_self\" rel=\"noopener noreferrer\" onclick=\"return true;\"><span class=\"uagb-inline-editing\">Demandez un devis<\/span><\/a><\/div><\/div><\/div><\/div>\n<\/div><\/div>\n","protected":false},"excerpt":{"rendered":"<p>Contactez-nous Entrer en relation avec notre \u00e9quipe Nos informations Nous sommes l\u00e0 pour r\u00e9pondre \u00e0 vos questions T\u00e9l\u00e9phone +33745260674 Email [&hellip;]<\/p>\n","protected":false},"author":3,"featured_media":0,"parent":0,"menu_order":0,"comment_status":"closed","ping_status":"closed","template":"","meta":{"_eb_attr":"","_uag_custom_page_level_css":"","site-sidebar-layout":"default","site-content-layout":"","ast-site-content-layout":"","site-content-style":"default","site-sidebar-style":"default","ast-global-header-display":"","ast-banner-title-visibility":"","ast-main-header-display":"","ast-hfb-above-header-display":"","ast-hfb-below-header-display":"","ast-hfb-mobile-header-display":"","site-post-title":"disabled","ast-breadcrumbs-content":"","ast-featured-img":"","footer-sml-layout":"","ast-disable-related-posts":"","theme-transparent-header-meta":"","adv-header-id-meta":"","stick-header-meta":"","header-above-stick-meta":"","header-main-stick-meta":"","header-below-stick-meta":"","astra-migrate-meta-layouts":"default","ast-page-background-enabled":"default","ast-page-background-meta":{"desktop":{"background-color":"var(--ast-global-color-4)","background-image":"","background-repeat":"repeat","background-position":"center center","background-size":"auto","background-attachment":"scroll","background-type":"","background-media":"","overlay-type":"","overlay-color":"","overlay-opacity":"","overlay-gradient":""},"tablet":{"background-color":"","background-image":"","background-repeat":"repeat","background-position":"center center","background-size":"auto","background-attachment":"scroll","background-type":"","background-media":"","overlay-type":"","overlay-color":"","overlay-opacity":"","overlay-gradient":""},"mobile":{"background-color":"","background-image":"","background-repeat":"repeat","background-position":"center center","background-size":"auto","background-attachment":"scroll","background-type":"","background-media":"","overlay-type":"","overlay-color":"","overlay-opacity":"","overlay-gradient":""}},"ast-content-background-meta":{"desktop":{"background-color":"var(--ast-global-color-5)","background-image":"","background-repeat":"repeat","background-position":"center center","background-size":"auto","background-attachment":"scroll","background-type":"","background-media":"","overlay-type":"","overlay-color":"","overlay-opacity":"","overlay-gradient":""},"tablet":{"background-color":"var(--ast-global-color-5)","background-image":"","background-repeat":"repeat","background-position":"center center","background-size":"auto","background-attachment":"scroll","background-type":"","background-media":"","overlay-type":"","overlay-color":"","overlay-opacity":"","overlay-gradient":""},"mobile":{"background-color":"var(--ast-global-color-5)","background-image":"","background-repeat":"repeat","background-position":"center center","background-size":"auto","background-attachment":"scroll","background-type":"","background-media":"","overlay-type":"","overlay-color":"","overlay-opacity":"","overlay-gradient":""}},"footnotes":""},"class_list":["post-54","page","type-page","status-publish","hentry"],"uagb_featured_image_src":{"full":false,"thumbnail":false,"medium":false,"medium_large":false,"large":false,"1536x1536":false,"2048x2048":false,"depicter-thumbnail":false},"uagb_author_info":{"display_name":"Web Site Gestion","author_link":"https:\/\/labprodigi.com\/websitegestion\/author\/greeaysauzlm\/"},"uagb_comment_info":0,"uagb_excerpt":"Contactez-nous Entrer en relation avec notre \u00e9quipe Nos informations Nous sommes l\u00e0 pour r\u00e9pondre \u00e0 vos questions T\u00e9l\u00e9phone +33745260674 Email [&hellip;]","_links":{"self":[{"href":"https:\/\/labprodigi.com\/websitegestion\/wp-json\/wp\/v2\/pages\/54","targetHints":{"allow":["GET"]}}],"collection":[{"href":"https:\/\/labprodigi.com\/websitegestion\/wp-json\/wp\/v2\/pages"}],"about":[{"href":"https:\/\/labprodigi.com\/websitegestion\/wp-json\/wp\/v2\/types\/page"}],"author":[{"embeddable":true,"href":"https:\/\/labprodigi.com\/websitegestion\/wp-json\/wp\/v2\/users\/3"}],"replies":[{"embeddable":true,"href":"https:\/\/labprodigi.com\/websitegestion\/wp-json\/wp\/v2\/comments?post=54"}],"version-history":[{"count":32,"href":"https:\/\/labprodigi.com\/websitegestion\/wp-json\/wp\/v2\/pages\/54\/revisions"}],"predecessor-version":[{"id":1024,"href":"https:\/\/labprodigi.com\/websitegestion\/wp-json\/wp\/v2\/pages\/54\/revisions\/1024"}],"wp:attachment":[{"href":"https:\/\/labprodigi.com\/websitegestion\/wp-json\/wp\/v2\/media?parent=54"}],"curies":[{"name":"wp","href":"https:\/\/api.w.org\/{rel}","templated":true}]}}