{"id":476,"date":"2024-12-11T16:43:12","date_gmt":"2024-12-11T16:43:12","guid":{"rendered":"https:\/\/labprodigi.com\/forum\/?page_id=476"},"modified":"2024-12-15T21:45:44","modified_gmt":"2024-12-15T21:45:44","slug":"faq","status":"publish","type":"page","link":"https:\/\/labprodigi.com\/forum\/faq\/","title":{"rendered":"Faq"},"content":{"rendered":"\t\t<div data-elementor-type=\"wp-page\" data-elementor-id=\"476\" class=\"elementor elementor-476\">\n\t\t\t\t<div class=\"elementor-element elementor-element-cec9fd1 e-flex e-con-boxed e-con e-parent\" data-id=\"cec9fd1\" data-element_type=\"container\" data-e-type=\"container\">\n\t\t\t\t\t<div class=\"e-con-inner\">\n\t\t\t\t<div class=\"elementor-element elementor-element-c278550 elementor-widget elementor-widget-image\" data-id=\"c278550\" data-element_type=\"widget\" data-e-type=\"widget\" data-widget_type=\"image.default\">\n\t\t\t\t<div class=\"elementor-widget-container\">\n\t\t\t\t\t\t\t\t\t\t\t\t\t\t\t<img fetchpriority=\"high\" decoding=\"async\" width=\"1024\" height=\"410\" src=\"https:\/\/labprodigi.com\/forum\/wp-content\/uploads\/2024\/12\/FAQ-1024x410.png\" class=\"attachment-large size-large wp-image-693\" alt=\"IMAGE FAQ\" srcset=\"https:\/\/labprodigi.com\/forum\/wp-content\/uploads\/2024\/12\/FAQ-1024x410.png 1024w, https:\/\/labprodigi.com\/forum\/wp-content\/uploads\/2024\/12\/FAQ-300x120.png 300w, https:\/\/labprodigi.com\/forum\/wp-content\/uploads\/2024\/12\/FAQ-768x307.png 768w, https:\/\/labprodigi.com\/forum\/wp-content\/uploads\/2024\/12\/FAQ-1536x614.png 1536w, https:\/\/labprodigi.com\/forum\/wp-content\/uploads\/2024\/12\/FAQ.png 2000w\" sizes=\"(max-width: 1024px) 100vw, 1024px\" \/>\t\t\t\t\t\t\t\t\t\t\t\t\t\t\t<\/div>\n\t\t\t\t<\/div>\n\t\t\t\t\t<\/div>\n\t\t\t\t<\/div>\n\t\t<div class=\"elementor-element elementor-element-9c0a586 e-flex e-con-boxed e-con e-parent\" data-id=\"9c0a586\" data-element_type=\"container\" data-e-type=\"container\">\n\t\t\t\t\t<div class=\"e-con-inner\">\n\t\t\t\t<div class=\"elementor-element elementor-element-144bfde elementor-widget elementor-widget-html\" data-id=\"144bfde\" data-element_type=\"widget\" data-e-type=\"widget\" data-widget_type=\"html.default\">\n\t\t\t\t<div class=\"elementor-widget-container\">\n\t\t\t\t\t<!DOCTYPE html>\r\n<html lang=\"fr\">\r\n<head>\r\n    <meta charset=\"UTF-8\">\r\n    <meta name=\"viewport\" content=\"width=device-width, initial-scale=1.0\">\r\n    <title>FAQ - Forum<\/title>\r\n    <style>\r\n        body {\r\n            font-family: Arial, sans-serif;\r\n            background-color: #FFFFFF;\r\n            margin: 0;\r\n            padding: 20px;\r\n        }\r\n        .faq-wrapper {\r\n            display: flex;\r\n            flex-wrap: wrap;\r\n            justify-content: space-between;\r\n        }\r\n        .faq-container {\r\n            width: 48%;\r\n            margin-bottom: 20px;\r\n        }\r\n        .faq-item {\r\n            margin-bottom: 10px;\r\n            border-radius: 5px;\r\n            overflow: hidden;\r\n        }\r\n        .faq-question {\r\n            background-color: #0197AF;\r\n            color: #FFFFFF;\r\n            padding: 15px;\r\n            cursor: pointer;\r\n            transition: background-color 0.3s ease;\r\n        }\r\n        .faq-question:hover {\r\n            background-color: #00AFCB;\r\n        }\r\n        .faq-answer {\r\n            background-color: #CDCDCD;\r\n            color: #090909;\r\n            padding: 15px;\r\n            display: none;\r\n        }\r\n        @media (max-width: 768px) {\r\n            .faq-container {\r\n                width: 100%;\r\n                margin-bottom: 10px;\r\n            }\r\n        }\r\n    <\/style>\r\n<\/head>\r\n<body>\r\n\r\n<div class=\"faq-wrapper\">\r\n    <div class=\"faq-container\">\r\n        <div class=\"faq-item\">\r\n            <div class=\"faq-question\">Question 1 : Comment cr\u00e9er un compte sur le forum ?<\/div>\r\n            <div class=\"faq-answer\">Pour cr\u00e9er un compte, cliquez sur le bouton \"S'inscrire\" en haut \u00e0 droite de la page d'accueil et suivez les instructions.<\/div>\r\n        <\/div>\r\n        <div class=\"faq-item\">\r\n            <div class=\"faq-question\">Question 2 : Comment r\u00e9initialiser mon mot de passe ?<\/div>\r\n            <div class=\"faq-answer\">Cliquez sur \"Mot de passe oubli\u00e9\" sur la page de connexion et suivez les \u00e9tapes pour r\u00e9initialiser votre mot de passe.<\/div>\r\n        <\/div>\r\n        <div class=\"faq-item\">\r\n            <div class=\"faq-question\">Question 3 : Puis-je changer mon nom d'utilisateur ?<\/div>\r\n            <div class=\"faq-answer\">Non, une fois votre nom d'utilisateur choisi, il ne peut pas \u00eatre modifi\u00e9.<\/div>\r\n        <\/div>\r\n        <div class=\"faq-item\">\r\n            <div class=\"faq-question\">Question 4 : Comment poster un nouveau sujet ?<\/div>\r\n            <div class=\"faq-answer\">Allez dans la section appropri\u00e9e du forum et cliquez sur \"Nouveau sujet\" pour commencer une nouvelle discussion.<\/div>\r\n        <\/div>\r\n        <div class=\"faq-item\">\r\n            <div class=\"faq-question\">Question 5 : Comment puis-je contacter le support ?<\/div>\r\n            <div class=\"faq-answer\">Vous pouvez contacter le support via le formulaire de contact disponible dans la section \"Contact\" du site.<\/div>\r\n        <\/div>\r\n    <\/div>\r\n\r\n    <div class=\"faq-container\">\r\n        <div class=\"faq-item\">\r\n            <div class=\"faq-question\">Question 6 : Puis-je supprimer mon compte ?<\/div>\r\n            <div class=\"faq-answer\">Oui, pour supprimer votre compte, veuillez contacter le support avec votre demande.<\/div>\r\n        <\/div>\r\n        <div class=\"faq-item\">\r\n            <div class=\"faq-question\">Question 7 : Comment signaler un abus ou un contenu inappropri\u00e9 ?<\/div>\r\n            <div class=\"faq-answer\">Utilisez le bouton \"Signaler\" pr\u00e9sent sous chaque message pour alerter les mod\u00e9rateurs.<\/div>\r\n        <\/div>\r\n        <div class=\"faq-item\">\r\n            <div class=\"faq-question\">Question 8 : Comment personnaliser mon profil ?<\/div>\r\n            <div class=\"faq-answer\">Acc\u00e9dez \u00e0 votre profil en cliquant sur votre nom d'utilisateur et s\u00e9lectionnez \"Modifier le profil\".<\/div>\r\n        <\/div>\r\n        <div class=\"faq-item\">\r\n            <div class=\"faq-question\">Question 9 : Quelles sont les r\u00e8gles de conduite sur le forum ?<\/div>\r\n            <div class=\"faq-answer\">Veuillez consulter notre section \"Mentions L\u00e9gales et R\u00e8gles de Conduite\" pour conna\u00eetre les r\u00e8gles du forum.<\/div>\r\n        <\/div>\r\n        <div class=\"faq-item\">\r\n            <div class=\"faq-question\">Question 10 : Comment puis-je recevoir des notifications par email ?<\/div>\r\n            <div class=\"faq-answer\">Activez les notifications par email dans vos param\u00e8tres de compte sous l'onglet \"Notifications\".<\/div>\r\n        <\/div>\r\n    <\/div>\r\n<\/div>\r\n\r\n<script>\r\n    document.querySelectorAll('.faq-question').forEach(item => {\r\n        item.addEventListener('click', () => {\r\n            const answer = item.nextElementSibling;\r\n            answer.style.display = answer.style.display === 'block' ? 'none' : 'block';\r\n        });\r\n    });\r\n<\/script>\r\n\r\n<\/body>\r\n<\/html>\r\n\t\t\t\t<\/div>\n\t\t\t\t<\/div>\n\t\t\t\t\t<\/div>\n\t\t\t\t<\/div>\n\t\t\t\t<\/div>\n\t\t","protected":false},"excerpt":{"rendered":"<p>FAQ &#8211; Forum Question 1 : Comment cr\u00e9er un compte sur le forum ? Pour cr\u00e9er un compte, cliquez sur [&hellip;]<\/p>\n","protected":false},"author":5,"featured_media":0,"parent":0,"menu_order":0,"comment_status":"closed","ping_status":"closed","template":"","meta":{"_bbp_topic_count":0,"_bbp_reply_count":0,"_bbp_total_topic_count":0,"_bbp_total_reply_count":0,"_bbp_voice_count":0,"_bbp_anonymous_reply_count":0,"_bbp_topic_count_hidden":0,"_bbp_reply_count_hidden":0,"_bbp_forum_subforum_count":0,"_eb_attr":"","_surecart_dashboard_logo_width":"180px","_surecart_dashboard_show_logo":true,"_surecart_dashboard_navigation_orders":true,"_surecart_dashboard_navigation_invoices":true,"_surecart_dashboard_navigation_subscriptions":true,"_surecart_dashboard_navigation_downloads":true,"_surecart_dashboard_navigation_billing":true,"_surecart_dashboard_navigation_account":true,"_uag_custom_page_level_css":"","site-sidebar-layout":"no-sidebar","site-content-layout":"","ast-site-content-layout":"full-width-container","site-content-style":"default","site-sidebar-style":"default","ast-global-header-display":"","ast-banner-title-visibility":"","ast-main-header-display":"","ast-hfb-above-header-display":"","ast-hfb-below-header-display":"","ast-hfb-mobile-header-display":"","site-post-title":"disabled","ast-breadcrumbs-content":"","ast-featured-img":"disabled","footer-sml-layout":"","ast-disable-related-posts":"","theme-transparent-header-meta":"","adv-header-id-meta":"","stick-header-meta":"","header-above-stick-meta":"","header-main-stick-meta":"","header-below-stick-meta":"","astra-migrate-meta-layouts":"default","ast-page-background-enabled":"default","ast-page-background-meta":{"desktop":{"background-color":"var(--ast-global-color-4)","background-image":"","background-repeat":"repeat","background-position":"center center","background-size":"auto","background-attachment":"scroll","background-type":"","background-media":"","overlay-type":"","overlay-color":"","overlay-opacity":"","overlay-gradient":""},"tablet":{"background-color":"","background-image":"","background-repeat":"repeat","background-position":"center center","background-size":"auto","background-attachment":"scroll","background-type":"","background-media":"","overlay-type":"","overlay-color":"","overlay-opacity":"","overlay-gradient":""},"mobile":{"background-color":"","background-image":"","background-repeat":"repeat","background-position":"center center","background-size":"auto","background-attachment":"scroll","background-type":"","background-media":"","overlay-type":"","overlay-color":"","overlay-opacity":"","overlay-gradient":""}},"ast-content-background-meta":{"desktop":{"background-color":"var(--ast-global-color-5)","background-image":"","background-repeat":"repeat","background-position":"center center","background-size":"auto","background-attachment":"scroll","background-type":"","background-media":"","overlay-type":"","overlay-color":"","overlay-opacity":"","overlay-gradient":""},"tablet":{"background-color":"var(--ast-global-color-5)","background-image":"","background-repeat":"repeat","background-position":"center center","background-size":"auto","background-attachment":"scroll","background-type":"","background-media":"","overlay-type":"","overlay-color":"","overlay-opacity":"","overlay-gradient":""},"mobile":{"background-color":"var(--ast-global-color-5)","background-image":"","background-repeat":"repeat","background-position":"center center","background-size":"auto","background-attachment":"scroll","background-type":"","background-media":"","overlay-type":"","overlay-color":"","overlay-opacity":"","overlay-gradient":""}},"footnotes":""},"class_list":["post-476","page","type-page","status-publish","hentry"],"uagb_featured_image_src":{"full":false,"thumbnail":false,"medium":false,"medium_large":false,"large":false,"1536x1536":false,"2048x2048":false},"uagb_author_info":{"display_name":"Forum","author_link":"https:\/\/labprodigi.com\/forum\/author\/ms-forum-wp\/"},"uagb_comment_info":0,"uagb_excerpt":"FAQ &#8211; Forum Question 1 : Comment cr\u00e9er un compte sur le forum ? Pour cr\u00e9er un compte, cliquez sur [&hellip;]","_links":{"self":[{"href":"https:\/\/labprodigi.com\/forum\/wp-json\/wp\/v2\/pages\/476","targetHints":{"allow":["GET"]}}],"collection":[{"href":"https:\/\/labprodigi.com\/forum\/wp-json\/wp\/v2\/pages"}],"about":[{"href":"https:\/\/labprodigi.com\/forum\/wp-json\/wp\/v2\/types\/page"}],"author":[{"embeddable":true,"href":"https:\/\/labprodigi.com\/forum\/wp-json\/wp\/v2\/users\/5"}],"replies":[{"embeddable":true,"href":"https:\/\/labprodigi.com\/forum\/wp-json\/wp\/v2\/comments?post=476"}],"version-history":[{"count":4,"href":"https:\/\/labprodigi.com\/forum\/wp-json\/wp\/v2\/pages\/476\/revisions"}],"predecessor-version":[{"id":696,"href":"https:\/\/labprodigi.com\/forum\/wp-json\/wp\/v2\/pages\/476\/revisions\/696"}],"wp:attachment":[{"href":"https:\/\/labprodigi.com\/forum\/wp-json\/wp\/v2\/media?parent=476"}],"curies":[{"name":"wp","href":"https:\/\/api.w.org\/{rel}","templated":true}]}}