{"id":434,"date":"2024-12-11T15:46:47","date_gmt":"2024-12-11T15:46:47","guid":{"rendered":"https:\/\/labprodigi.com\/forum\/?page_id=434"},"modified":"2024-12-15T20:19:29","modified_gmt":"2024-12-15T20:19:29","slug":"mentions-legales","status":"publish","type":"page","link":"https:\/\/labprodigi.com\/forum\/mentions-legales\/","title":{"rendered":"Mentions L\u00e9gales"},"content":{"rendered":"\t\t<div data-elementor-type=\"wp-page\" data-elementor-id=\"434\" class=\"elementor elementor-434\">\n\t\t\t\t<div class=\"elementor-element elementor-element-7519646 e-flex e-con-boxed e-con e-parent\" data-id=\"7519646\" data-element_type=\"container\" data-e-type=\"container\">\n\t\t\t\t\t<div class=\"e-con-inner\">\n\t\t\t\t<div class=\"elementor-element elementor-element-60fddcb elementor-widget elementor-widget-heading\" data-id=\"60fddcb\" data-element_type=\"widget\" data-e-type=\"widget\" data-widget_type=\"heading.default\">\n\t\t\t\t<div class=\"elementor-widget-container\">\n\t\t\t\t\t<h2 class=\"elementor-heading-title elementor-size-default\">Mentions L\u00e9gales et R\u00e8gles de Conduite de Forum<\/h2>\t\t\t\t<\/div>\n\t\t\t\t<\/div>\n\t\t\t\t\t<\/div>\n\t\t\t\t<\/div>\n\t\t<div class=\"elementor-element elementor-element-8a20aa3 e-flex e-con-boxed e-con e-parent\" data-id=\"8a20aa3\" data-element_type=\"container\" data-e-type=\"container\">\n\t\t\t\t\t<div class=\"e-con-inner\">\n\t\t\t\t<div class=\"elementor-element elementor-element-d67be35 elementor-widget elementor-widget-text-editor\" data-id=\"d67be35\" data-element_type=\"widget\" data-e-type=\"widget\" data-widget_type=\"text-editor.default\">\n\t\t\t\t<div class=\"elementor-widget-container\">\n\t\t\t\t\t\t\t\t\t<p><strong>\u00c9diteur du Site<\/strong><\/p><p>Le site\u00a0<strong>labprodigi.com\/forum<\/strong>\u00a0(ci-apr\u00e8s \u00ab\u00a0Forum\u00a0\u00bb) est \u00e9dit\u00e9 par :<br \/><strong>LabProdigi<\/strong><br \/>Adresse : Lissay Lochy 18340 Centre Val De Loire France<br \/>Email : <a href=\"contact-forum@labprodigi.com\">contact-forum@labprodigi.com<\/a><br \/>Num\u00e9ro de t\u00e9l\u00e9phone : +337.45.26.06.74<br \/>Directeur de la publication : Sa\u00efda Santoncini<\/p><p><strong>H\u00e9bergeur du Site<\/strong><\/p><p><strong>Le site est h\u00e9berg\u00e9 par :Hostinger International LTD<\/strong><br \/>situ\u00e9 <a href=\"https:\/\/www.hostinger.fr\/contact).\">https:\/\/www.hostinger.fr\/contact<\/a>.<\/p><p><strong>Propri\u00e9t\u00e9 Intellectuelle<\/strong><br \/>Tous les contenus pr\u00e9sents sur le site (textes, images, logos, etc.) sont prot\u00e9g\u00e9s par le droit d&rsquo;auteur. Toute reproduction ou repr\u00e9sentation totale ou partielle sans autorisation pr\u00e9alable est interdite.<\/p><h3 class=\"mb-2 mt-6 text-lg first:mt-3\">R\u00e8gles de Conduite<\/h3><p>Pour assurer un environnement respectueux et constructif, nous demandons \u00e0 tous les membres du forum de respecter les r\u00e8gles suivantes :<\/p><ol class=\"marker:text-textOff list-decimal pl-8\"><li><strong>Respect et Courtoisie<\/strong><br \/><ul class=\"marker:text-textOff list-disc\"><li>Traitez tous les membres avec respect. Les insultes, harc\u00e8lements, et comportements discriminatoires ne seront pas tol\u00e9r\u00e9s.<\/li><\/ul><\/li><li><strong>Contenu Appropri\u00e9<\/strong><br \/><ul class=\"marker:text-textOff list-disc\"><li>Publiez des contenus pertinents et respectueux. Les messages \u00e0 caract\u00e8re offensant, diffamatoire, ou ill\u00e9gal sont interdits.<\/li><\/ul><\/li><li><strong>Confidentialit\u00e9 et Donn\u00e9es Personnelles<\/strong><br \/><ul class=\"marker:text-textOff list-disc\"><li>Ne partagez pas d&rsquo;informations personnelles (votre propre ou celles d&rsquo;autrui) sans consentement explicite.<\/li><\/ul><\/li><li><strong>Propri\u00e9t\u00e9 Intellectuelle<\/strong><br \/><ul class=\"marker:text-textOff list-disc\"><li>Respectez les droits d&rsquo;auteur et ne publiez que des contenus dont vous d\u00e9tenez les droits ou pour lesquels vous avez obtenu l&rsquo;autorisation.<\/li><\/ul><\/li><li><strong>Publicit\u00e9 et Spam<\/strong><br \/><ul class=\"marker:text-textOff list-disc\"><li>La publicit\u00e9 non sollicit\u00e9e et le spam sont interdits. Les promotions doivent \u00eatre approuv\u00e9es par l&rsquo;administration du forum.<\/li><\/ul><\/li><li><strong>Utilisation Responsable<\/strong><br \/><ul class=\"marker:text-textOff list-disc\"><li>Ne tentez pas d&rsquo;exploiter ou de perturber le fonctionnement du site par des moyens techniques ou autres.<\/li><\/ul><\/li><li><strong>Mod\u00e9ration et Sanctions<\/strong><br \/><ul class=\"marker:text-textOff list-disc\"><li>Les mod\u00e9rateurs se r\u00e9servent le droit de supprimer tout contenu non conforme aux r\u00e8gles et d&rsquo;appliquer des sanctions allant jusqu&rsquo;\u00e0 l&rsquo;exclusion du forum.<\/li><\/ul><\/li><li><strong>Signalement d&rsquo;Abus<\/strong><br \/><ul class=\"marker:text-textOff list-disc\"><li>Si vous \u00eates t\u00e9moin d&rsquo;un comportement inappropri\u00e9, veuillez le signaler aux mod\u00e9rateurs via <a href=\"contact-forum@labprodigi.com\">contact-forum@labprodigi.com<\/a>.<\/li><\/ul><\/li><\/ol><p>Ces mentions l\u00e9gales et r\u00e8gles de conduite visent \u00e0 prot\u00e9ger la communaut\u00e9 et \u00e0 garantir une exp\u00e9rience positive pour tous les utilisateurs du forum. En participant \u00e0 notre forum, vous acceptez ces conditions et vous engagez \u00e0 les respecter. Pour toute question ou clarification, n&rsquo;h\u00e9sitez pas \u00e0 nous contacter \u00e0 <a href=\"contact-forum@labprodigi.com\">contact-forum@labprodigi.com<\/a><\/p>\t\t\t\t\t\t\t\t<\/div>\n\t\t\t\t<\/div>\n\t\t\t\t\t<\/div>\n\t\t\t\t<\/div>\n\t\t\t\t<\/div>\n\t\t","protected":false},"excerpt":{"rendered":"<p>Mentions L\u00e9gales et R\u00e8gles de Conduite de Forum \u00c9diteur du Site Le site\u00a0labprodigi.com\/forum\u00a0(ci-apr\u00e8s \u00ab\u00a0Forum\u00a0\u00bb) est \u00e9dit\u00e9 par :LabProdigiAdresse : Lissay [&hellip;]<\/p>\n","protected":false},"author":5,"featured_media":0,"parent":0,"menu_order":0,"comment_status":"closed","ping_status":"closed","template":"","meta":{"_bbp_topic_count":0,"_bbp_reply_count":0,"_bbp_total_topic_count":0,"_bbp_total_reply_count":0,"_bbp_voice_count":0,"_bbp_anonymous_reply_count":0,"_bbp_topic_count_hidden":0,"_bbp_reply_count_hidden":0,"_bbp_forum_subforum_count":0,"_eb_attr":"","_surecart_dashboard_logo_width":"180px","_surecart_dashboard_show_logo":true,"_surecart_dashboard_navigation_orders":true,"_surecart_dashboard_navigation_invoices":true,"_surecart_dashboard_navigation_subscriptions":true,"_surecart_dashboard_navigation_downloads":true,"_surecart_dashboard_navigation_billing":true,"_surecart_dashboard_navigation_account":true,"_uag_custom_page_level_css":"","site-sidebar-layout":"no-sidebar","site-content-layout":"","ast-site-content-layout":"full-width-container","site-content-style":"default","site-sidebar-style":"default","ast-global-header-display":"","ast-banner-title-visibility":"","ast-main-header-display":"","ast-hfb-above-header-display":"","ast-hfb-below-header-display":"","ast-hfb-mobile-header-display":"","site-post-title":"disabled","ast-breadcrumbs-content":"","ast-featured-img":"disabled","footer-sml-layout":"","ast-disable-related-posts":"","theme-transparent-header-meta":"","adv-header-id-meta":"","stick-header-meta":"","header-above-stick-meta":"","header-main-stick-meta":"","header-below-stick-meta":"","astra-migrate-meta-layouts":"default","ast-page-background-enabled":"default","ast-page-background-meta":{"desktop":{"background-color":"var(--ast-global-color-4)","background-image":"","background-repeat":"repeat","background-position":"center center","background-size":"auto","background-attachment":"scroll","background-type":"","background-media":"","overlay-type":"","overlay-color":"","overlay-opacity":"","overlay-gradient":""},"tablet":{"background-color":"","background-image":"","background-repeat":"repeat","background-position":"center center","background-size":"auto","background-attachment":"scroll","background-type":"","background-media":"","overlay-type":"","overlay-color":"","overlay-opacity":"","overlay-gradient":""},"mobile":{"background-color":"","background-image":"","background-repeat":"repeat","background-position":"center center","background-size":"auto","background-attachment":"scroll","background-type":"","background-media":"","overlay-type":"","overlay-color":"","overlay-opacity":"","overlay-gradient":""}},"ast-content-background-meta":{"desktop":{"background-color":"var(--ast-global-color-5)","background-image":"","background-repeat":"repeat","background-position":"center center","background-size":"auto","background-attachment":"scroll","background-type":"","background-media":"","overlay-type":"","overlay-color":"","overlay-opacity":"","overlay-gradient":""},"tablet":{"background-color":"var(--ast-global-color-5)","background-image":"","background-repeat":"repeat","background-position":"center center","background-size":"auto","background-attachment":"scroll","background-type":"","background-media":"","overlay-type":"","overlay-color":"","overlay-opacity":"","overlay-gradient":""},"mobile":{"background-color":"var(--ast-global-color-5)","background-image":"","background-repeat":"repeat","background-position":"center center","background-size":"auto","background-attachment":"scroll","background-type":"","background-media":"","overlay-type":"","overlay-color":"","overlay-opacity":"","overlay-gradient":""}},"footnotes":""},"class_list":["post-434","page","type-page","status-publish","hentry"],"uagb_featured_image_src":{"full":false,"thumbnail":false,"medium":false,"medium_large":false,"large":false,"1536x1536":false,"2048x2048":false},"uagb_author_info":{"display_name":"Forum","author_link":"https:\/\/labprodigi.com\/forum\/author\/ms-forum-wp\/"},"uagb_comment_info":0,"uagb_excerpt":"Mentions L\u00e9gales et R\u00e8gles de Conduite de Forum \u00c9diteur du Site Le site\u00a0labprodigi.com\/forum\u00a0(ci-apr\u00e8s \u00ab\u00a0Forum\u00a0\u00bb) est \u00e9dit\u00e9 par :LabProdigiAdresse : Lissay [&hellip;]","_links":{"self":[{"href":"https:\/\/labprodigi.com\/forum\/wp-json\/wp\/v2\/pages\/434","targetHints":{"allow":["GET"]}}],"collection":[{"href":"https:\/\/labprodigi.com\/forum\/wp-json\/wp\/v2\/pages"}],"about":[{"href":"https:\/\/labprodigi.com\/forum\/wp-json\/wp\/v2\/types\/page"}],"author":[{"embeddable":true,"href":"https:\/\/labprodigi.com\/forum\/wp-json\/wp\/v2\/users\/5"}],"replies":[{"embeddable":true,"href":"https:\/\/labprodigi.com\/forum\/wp-json\/wp\/v2\/comments?post=434"}],"version-history":[{"count":19,"href":"https:\/\/labprodigi.com\/forum\/wp-json\/wp\/v2\/pages\/434\/revisions"}],"predecessor-version":[{"id":658,"href":"https:\/\/labprodigi.com\/forum\/wp-json\/wp\/v2\/pages\/434\/revisions\/658"}],"wp:attachment":[{"href":"https:\/\/labprodigi.com\/forum\/wp-json\/wp\/v2\/media?parent=434"}],"curies":[{"name":"wp","href":"https:\/\/api.w.org\/{rel}","templated":true}]}}