{"id":432,"date":"2024-12-11T15:46:05","date_gmt":"2024-12-11T15:46:05","guid":{"rendered":"https:\/\/labprodigi.com\/forum\/?page_id=432"},"modified":"2024-12-15T15:35:49","modified_gmt":"2024-12-15T15:35:49","slug":"connexion","status":"publish","type":"page","link":"https:\/\/labprodigi.com\/forum\/connexion\/","title":{"rendered":"Connexion"},"content":{"rendered":"\n<p>Se connecter<\/p>\n\n\n<form method=\"post\" action=\"https:\/\/labprodigi.com\/forum\/wp-login.php\" class=\"bbp-login-form\">\n\t<fieldset class=\"bbp-form\">\n\t\t<legend>Connexion<\/legend>\n\n\t\t<div class=\"bbp-username\">\n\t\t\t<label for=\"user_login\">Identifiant: <\/label>\n\t\t\t<input type=\"text\" name=\"log\" value=\"\" size=\"20\" maxlength=\"100\" id=\"user_login\" autocomplete=\"off\" \/>\n\t\t<\/div>\n\n\t\t<div class=\"bbp-password\">\n\t\t\t<label for=\"user_pass\">Mot de passe: <\/label>\n\t\t\t<input type=\"password\" name=\"pwd\" value=\"\" size=\"20\" id=\"user_pass\" autocomplete=\"off\" \/>\n\t\t<\/div>\n\n\t\t<div class=\"bbp-remember-me\">\n\t\t\t<input type=\"checkbox\" name=\"rememberme\" value=\"forever\"  id=\"rememberme\" \/>\n\t\t\t<label for=\"rememberme\">Rester connect&eacute;<\/label>\n\t\t<\/div>\n\n\t\t\n\t\t<div class=\"bbp-submit-wrapper\">\n\n\t\t\t<button type=\"submit\" name=\"user-submit\" id=\"user-submit\" class=\"button submit user-submit\">Connexion<\/button>\n\n\t\t\t\n\t<input type=\"hidden\" name=\"user-cookie\" value=\"1\" \/>\n\n\t<input type=\"hidden\" id=\"bbp_redirect_to\" name=\"redirect_to\" value=\"https:\/\/labprodigi.com\/forum\/wp-json\/wp\/v2\/pages\/432\" \/><input type=\"hidden\" id=\"_wpnonce\" name=\"_wpnonce\" value=\"f3f156e4d3\" \/><input type=\"hidden\" name=\"_wp_http_referer\" value=\"\/forum\/wp-json\/wp\/v2\/pages\/432\" \/>\n\t\t<\/div>\n\t<\/fieldset>\n<\/form>\n\n\n\n<p>S&rsquo;enregistrer<\/p>\n\n\n<form method=\"post\" action=\"https:\/\/labprodigi.com\/forum\/wp-login.php\" class=\"bbp-login-form\">\n\t<fieldset class=\"bbp-form\">\n\t\t<legend>Cr\u00e9er un compte<\/legend>\n\n\t\t\n\t\t<div class=\"bbp-template-notice\">\n\t\t\t<ul>\n\t\t\t\t<li>Votre identifiant doit \u00eatre unique et ne peut pas \u00eatre modifi\u00e9 ult\u00e9rieurement.<\/li>\n\t\t\t\t<li>Nous utilisons votre adresse &eacute;lectronique pour vous envoyer un mot de passe s&eacute;curis&eacute; et v&eacute;rifier votre compte.<\/li>\n\t\t\t<\/ul>\n\t\t<\/div>\n\n\t\t<div class=\"bbp-username\">\n\t\t\t<label for=\"user_login\">Identifiant: <\/label>\n\t\t\t<input type=\"text\" name=\"user_login\" value=\"\" size=\"20\" id=\"user_login\" maxlength=\"100\" autocomplete=\"off\" \/>\n\t\t<\/div>\n\n\t\t<div class=\"bbp-email\">\n\t\t\t<label for=\"user_email\">E-mail: <\/label>\n\t\t\t<input type=\"text\" name=\"user_email\" value=\"\" size=\"20\" id=\"user_email\" maxlength=\"100\" autocomplete=\"off\" \/>\n\t\t<\/div>\n\n\t\t\n\t\t<div class=\"bbp-submit-wrapper\">\n\n\t\t\t<button type=\"submit\" name=\"user-submit\" class=\"button submit user-submit\">Inscription<\/button>\n\n\t\t\t\n\t<input type=\"hidden\" name=\"action\"      value=\"register\" \/>\n\t<input type=\"hidden\" name=\"user-cookie\" value=\"1\" \/>\n\n\t<input type=\"hidden\" id=\"bbp_redirect_to\" name=\"redirect_to\" value=\"?checkemail=registered\" \/><input type=\"hidden\" id=\"_wpnonce\" name=\"_wpnonce\" value=\"62443e0242\" \/><input type=\"hidden\" name=\"_wp_http_referer\" value=\"\/forum\/wp-json\/wp\/v2\/pages\/432\" \/>\n\t\t<\/div>\n\n\t\t\n\t<\/fieldset>\n<\/form>\n\n\n\n<p>Mot de passe oubli\u00e9<\/p>\n\n\n<form method=\"post\" action=\"https:\/\/labprodigi.com\/forum\/wp-login.php?action=lostpassword\" class=\"bbp-login-form\">\n\t<fieldset class=\"bbp-form\">\n\t\t<legend>Mot de passe oubli&eacute;<\/legend>\n\n\t\t<div class=\"bbp-username\">\n\t\t\t<p>\n\t\t\t\t<label for=\"user_login\" class=\"hide\">Identifiant ou e-mail: <\/label>\n\t\t\t\t<input type=\"text\" name=\"user_login\" value=\"\" size=\"20\" id=\"user_login\" maxlength=\"100\" autocomplete=\"off\" \/>\n\t\t\t<\/p>\n\t\t<\/div>\n\n\t\t\n\t\t<div class=\"bbp-submit-wrapper\">\n\n\t\t\t<button type=\"submit\" name=\"user-submit\" class=\"button submit user-submit\">R&eacute;initialiser mon mot de passe<\/button>\n\n\t\t\t\n\t<input type=\"hidden\" name=\"user-cookie\" value=\"1\" \/>\n\n\t<input type=\"hidden\" id=\"bbp_redirect_to\" name=\"redirect_to\" value=\"https:\/\/labprodigi.com\/forum\/connexion\/?checkemail=confirm\" \/><input type=\"hidden\" id=\"_wpnonce\" name=\"_wpnonce\" value=\"266b20d6bb\" \/><input type=\"hidden\" name=\"_wp_http_referer\" value=\"\/forum\/wp-json\/wp\/v2\/pages\/432\" \/>\n\t\t<\/div>\n\t<\/fieldset>\n<\/form>\n\n","protected":false},"excerpt":{"rendered":"<p>Se connecter S&rsquo;enregistrer Mot de passe oubli\u00e9<\/p>\n","protected":false},"author":5,"featured_media":0,"parent":0,"menu_order":0,"comment_status":"closed","ping_status":"closed","template":"","meta":{"_bbp_topic_count":0,"_bbp_reply_count":0,"_bbp_total_topic_count":0,"_bbp_total_reply_count":0,"_bbp_voice_count":0,"_bbp_anonymous_reply_count":0,"_bbp_topic_count_hidden":0,"_bbp_reply_count_hidden":0,"_bbp_forum_subforum_count":0,"_eb_attr":"","_surecart_dashboard_logo_width":"180px","_surecart_dashboard_show_logo":true,"_surecart_dashboard_navigation_orders":true,"_surecart_dashboard_navigation_invoices":true,"_surecart_dashboard_navigation_subscriptions":true,"_surecart_dashboard_navigation_downloads":true,"_surecart_dashboard_navigation_billing":true,"_surecart_dashboard_navigation_account":true,"_uag_custom_page_level_css":"","site-sidebar-layout":"default","site-content-layout":"","ast-site-content-layout":"","site-content-style":"default","site-sidebar-style":"default","ast-global-header-display":"","ast-banner-title-visibility":"","ast-main-header-display":"","ast-hfb-above-header-display":"","ast-hfb-below-header-display":"","ast-hfb-mobile-header-display":"","site-post-title":"","ast-breadcrumbs-content":"","ast-featured-img":"","footer-sml-layout":"","ast-disable-related-posts":"","theme-transparent-header-meta":"","adv-header-id-meta":"","stick-header-meta":"","header-above-stick-meta":"","header-main-stick-meta":"","header-below-stick-meta":"","astra-migrate-meta-layouts":"default","ast-page-background-enabled":"default","ast-page-background-meta":{"desktop":{"background-color":"var(--ast-global-color-4)","background-image":"","background-repeat":"repeat","background-position":"center center","background-size":"auto","background-attachment":"scroll","background-type":"","background-media":"","overlay-type":"","overlay-color":"","overlay-opacity":"","overlay-gradient":""},"tablet":{"background-color":"","background-image":"","background-repeat":"repeat","background-position":"center center","background-size":"auto","background-attachment":"scroll","background-type":"","background-media":"","overlay-type":"","overlay-color":"","overlay-opacity":"","overlay-gradient":""},"mobile":{"background-color":"","background-image":"","background-repeat":"repeat","background-position":"center center","background-size":"auto","background-attachment":"scroll","background-type":"","background-media":"","overlay-type":"","overlay-color":"","overlay-opacity":"","overlay-gradient":""}},"ast-content-background-meta":{"desktop":{"background-color":"var(--ast-global-color-5)","background-image":"","background-repeat":"repeat","background-position":"center center","background-size":"auto","background-attachment":"scroll","background-type":"","background-media":"","overlay-type":"","overlay-color":"","overlay-opacity":"","overlay-gradient":""},"tablet":{"background-color":"var(--ast-global-color-5)","background-image":"","background-repeat":"repeat","background-position":"center center","background-size":"auto","background-attachment":"scroll","background-type":"","background-media":"","overlay-type":"","overlay-color":"","overlay-opacity":"","overlay-gradient":""},"mobile":{"background-color":"var(--ast-global-color-5)","background-image":"","background-repeat":"repeat","background-position":"center center","background-size":"auto","background-attachment":"scroll","background-type":"","background-media":"","overlay-type":"","overlay-color":"","overlay-opacity":"","overlay-gradient":""}},"footnotes":""},"class_list":["post-432","page","type-page","status-publish","hentry"],"uagb_featured_image_src":{"full":false,"thumbnail":false,"medium":false,"medium_large":false,"large":false,"1536x1536":false,"2048x2048":false},"uagb_author_info":{"display_name":"Forum","author_link":"https:\/\/labprodigi.com\/forum\/author\/ms-forum-wp\/"},"uagb_comment_info":0,"uagb_excerpt":"Se connecter S&rsquo;enregistrer Mot de passe oubli\u00e9","_links":{"self":[{"href":"https:\/\/labprodigi.com\/forum\/wp-json\/wp\/v2\/pages\/432","targetHints":{"allow":["GET"]}}],"collection":[{"href":"https:\/\/labprodigi.com\/forum\/wp-json\/wp\/v2\/pages"}],"about":[{"href":"https:\/\/labprodigi.com\/forum\/wp-json\/wp\/v2\/types\/page"}],"author":[{"embeddable":true,"href":"https:\/\/labprodigi.com\/forum\/wp-json\/wp\/v2\/users\/5"}],"replies":[{"embeddable":true,"href":"https:\/\/labprodigi.com\/forum\/wp-json\/wp\/v2\/comments?post=432"}],"version-history":[{"count":10,"href":"https:\/\/labprodigi.com\/forum\/wp-json\/wp\/v2\/pages\/432\/revisions"}],"predecessor-version":[{"id":571,"href":"https:\/\/labprodigi.com\/forum\/wp-json\/wp\/v2\/pages\/432\/revisions\/571"}],"wp:attachment":[{"href":"https:\/\/labprodigi.com\/forum\/wp-json\/wp\/v2\/media?parent=432"}],"curies":[{"name":"wp","href":"https:\/\/api.w.org\/{rel}","templated":true}]}}