{"id":761,"date":"2025-12-12T14:47:47","date_gmt":"2025-12-12T14:47:47","guid":{"rendered":"https:\/\/labprodigi.com\/fatishop\/?page_id=761"},"modified":"2025-12-12T17:57:21","modified_gmt":"2025-12-12T17:57:21","slug":"politique-de-confidentialite","status":"publish","type":"page","link":"https:\/\/labprodigi.com\/fatishop\/politique-de-confidentialite\/","title":{"rendered":"Politique de confidentialit\u00e9"},"content":{"rendered":"\t\t<div data-elementor-type=\"wp-page\" data-elementor-id=\"761\" class=\"elementor elementor-761\">\n\t\t\t\t<div class=\"elementor-element elementor-element-2173ccd e-flex e-con-boxed e-con e-parent\" data-id=\"2173ccd\" data-element_type=\"container\" data-e-type=\"container\">\n\t\t\t\t\t<div class=\"e-con-inner\">\n\t\t\t\t<div class=\"elementor-element elementor-element-a93e061 elementor-widget__width-inherit elementor-widget elementor-widget-heading\" data-id=\"a93e061\" data-element_type=\"widget\" data-e-type=\"widget\" data-widget_type=\"heading.default\">\n\t\t\t\t\t<h1 class=\"elementor-heading-title elementor-size-default\">politique de confidentialit\u00c9<\/h1>\t\t\t\t<\/div>\n\t\t\t\t\t<\/div>\n\t\t\t\t<\/div>\n\t\t<div class=\"elementor-element elementor-element-fd7d18b e-flex e-con-boxed e-con e-parent\" data-id=\"fd7d18b\" data-element_type=\"container\" data-e-type=\"container\">\n\t\t\t\t\t<div class=\"e-con-inner\">\n\t\t\t\t<div class=\"elementor-element elementor-element-f250363 elementor-widget elementor-widget-text-editor\" data-id=\"f250363\" data-element_type=\"widget\" data-e-type=\"widget\" data-widget_type=\"text-editor.default\">\n\t\t\t\t\t\t\t\t\t<p>Chez\u00a0<a href=\"https:\/\/fatishop.fr\"><strong>FatiShop<\/strong><\/a>, nous nous engageons \u00e0 prot\u00e9ger et \u00e0 respecter votre vie priv\u00e9e. Cette politique de confidentialit\u00e9 d\u00e9crit comment nous collectons, utilisons et prot\u00e9geons vos informations personnelles lorsque vous utilisez notre site Web et notre boutique en ligne.<\/p><ol><li aria-level=\"1\">Collecte des informations personnelles<\/li><\/ol><p>Lorsque vous visitez notre site Web, effectuez un achat, vous inscrivez \u00e0 notre newsletter, cr\u00e9ez un compte ou communiquez avec notre \u00e9quipe du service client\u00e8le, nous pouvons collecter des informations personnelles telles que :<\/p><ul><li aria-level=\"1\">Nom et pr\u00e9nom<\/li><li aria-level=\"1\">Adresse e-mail<\/li><li aria-level=\"1\">Adresse postale<\/li><li aria-level=\"1\">Num\u00e9ro de t\u00e9l\u00e9phone<\/li><li aria-level=\"1\">Informations de paiement<\/li><li aria-level=\"1\">Historique des commandes<\/li><li aria-level=\"1\">Toute autre information que vous choisissez de fournir volontairement<\/li><\/ul><p>Nous collectons \u00e9galement automatiquement certaines informations sur votre appareil et votre navigation, telles que l\u2019adresse IP, le type d\u2019appareil, le syst\u00e8me d\u2019exploitation, le navigateur, les pages visit\u00e9es, les liens cliqu\u00e9s et d\u2019autres donn\u00e9es d\u2019utilisation.<\/p><ol><li aria-level=\"1\">Utilisation des informations personnelles<\/li><\/ol><p>Nous utilisons vos informations personnelles pour :<\/p><ul><li aria-level=\"1\">Traiter et exp\u00e9dier vos commandes<\/li><li aria-level=\"1\">Communiquer avec vous au sujet de vos commandes, de nos produits et services<\/li><li aria-level=\"1\">Am\u00e9liorer et personnaliser votre exp\u00e9rience d\u2019achat<\/li><li aria-level=\"1\">Analyser l\u2019utilisation de notre site Web et optimiser notre marketing<\/li><li aria-level=\"1\">R\u00e9pondre \u00e0 vos demandes et r\u00e9soudre les probl\u00e8mes<\/li><li aria-level=\"1\">Se conformer aux exigences l\u00e9gales et r\u00e9glementaires<\/li><\/ul><ol><li aria-level=\"1\">Partage des informations personnelles<\/li><\/ol><p>Nous ne vendons, ne louons ni ne partageons vos informations personnelles avec des tiers \u00e0 des fins commerciales sans votre consentement. Cependant, nous pouvons partager vos informations avec des prestataires de services qui nous aident \u00e0 exploiter notre entreprise, tels que les soci\u00e9t\u00e9s de traitement des paiements, les transporteurs et les fournisseurs de services d\u2019analyse et de marketing.<\/p><ol><li aria-level=\"1\">S\u00e9curit\u00e9 des informations personnelles<\/li><\/ol><p>Nous prenons des mesures appropri\u00e9es pour prot\u00e9ger vos informations personnelles contre l\u2019acc\u00e8s non autoris\u00e9, la divulgation, la modification ou la destruction. Nous utilisons des protocoles de s\u00e9curit\u00e9 tels que SSL pour s\u00e9curiser la transmission des donn\u00e9es et des mesures de s\u00e9curit\u00e9 physiques et techniques pour prot\u00e9ger nos serveurs et nos bases de donn\u00e9es.<\/p><ol><li aria-level=\"1\">Cookies et technologies de suivi<\/li><\/ol><p>Nous utilisons des cookies et d\u2019autres technologies de suivi pour am\u00e9liorer votre exp\u00e9rience de navigation, analyser l\u2019utilisation de notre site Web et personnaliser notre contenu et nos publicit\u00e9s. Vous pouvez g\u00e9rer vos pr\u00e9f\u00e9rences de cookies dans les param\u00e8tres de votre navigateur.<\/p><ol><li aria-level=\"1\">Vos droits<\/li><\/ol><p>Vous avez le droit de demander l\u2019acc\u00e8s, la rectification, la suppression ou la limitation du traitement de vos informations personnelles. Vous pouvez \u00e9galement vous opposer au traitement de vos donn\u00e9es ou demander leur portabilit\u00e9. Pour exercer ces droits, veuillez contacter notre \u00e9quipe du service client\u00e8le \u00e0 <a href=\"mailto:contact@fatishop.fr\">contact@fatishop.fr<\/a>.\u00a0cette politique de confidentialit\u00e9<\/p><p>Nous nous r\u00e9servons le droit de modifier cette politique de confidentialit\u00e9 \u00e0 tout moment. Les modifications entreront en vigueur d\u00e8s leur publication sur notre site Web. Nous vous encourageons \u00e0 consulter r\u00e9guli\u00e8rement cette politique pour vous tenir inform\u00e9<\/p>\t\t\t\t\t\t\t\t<\/div>\n\t\t\t\t\t<\/div>\n\t\t\t\t<\/div>\n\t\t\t\t<\/div>\n\t\t","protected":false},"excerpt":{"rendered":"<p>politique de confidentialit\u00c9 Chez\u00a0FatiShop, nous nous engageons \u00e0 prot\u00e9ger et \u00e0 respecter votre vie priv\u00e9e. Cette politique de confidentialit\u00e9 d\u00e9crit [&hellip;]<\/p>\n","protected":false},"author":4,"featured_media":0,"parent":0,"menu_order":0,"comment_status":"closed","ping_status":"closed","template":"","meta":{"_eb_attr":"","_uag_custom_page_level_css":"","site-sidebar-layout":"no-sidebar","site-content-layout":"","ast-site-content-layout":"full-width-container","site-content-style":"default","site-sidebar-style":"default","ast-global-header-display":"","ast-banner-title-visibility":"","ast-main-header-display":"","ast-hfb-above-header-display":"","ast-hfb-below-header-display":"","ast-hfb-mobile-header-display":"","site-post-title":"disabled","ast-breadcrumbs-content":"","ast-featured-img":"disabled","footer-sml-layout":"","ast-disable-related-posts":"","theme-transparent-header-meta":"","adv-header-id-meta":"","stick-header-meta":"","header-above-stick-meta":"","header-main-stick-meta":"","header-below-stick-meta":"","astra-migrate-meta-layouts":"default","ast-page-background-enabled":"default","ast-page-background-meta":{"desktop":{"background-color":"var(--ast-global-color-4)","background-image":"","background-repeat":"repeat","background-position":"center center","background-size":"auto","background-attachment":"scroll","background-type":"","background-media":"","overlay-type":"","overlay-color":"","overlay-opacity":"","overlay-gradient":""},"tablet":{"background-color":"","background-image":"","background-repeat":"repeat","background-position":"center center","background-size":"auto","background-attachment":"scroll","background-type":"","background-media":"","overlay-type":"","overlay-color":"","overlay-opacity":"","overlay-gradient":""},"mobile":{"background-color":"","background-image":"","background-repeat":"repeat","background-position":"center center","background-size":"auto","background-attachment":"scroll","background-type":"","background-media":"","overlay-type":"","overlay-color":"","overlay-opacity":"","overlay-gradient":""}},"ast-content-background-meta":{"desktop":{"background-color":"var(--ast-global-color-5)","background-image":"","background-repeat":"repeat","background-position":"center center","background-size":"auto","background-attachment":"scroll","background-type":"","background-media":"","overlay-type":"","overlay-color":"","overlay-opacity":"","overlay-gradient":""},"tablet":{"background-color":"var(--ast-global-color-5)","background-image":"","background-repeat":"repeat","background-position":"center center","background-size":"auto","background-attachment":"scroll","background-type":"","background-media":"","overlay-type":"","overlay-color":"","overlay-opacity":"","overlay-gradient":""},"mobile":{"background-color":"var(--ast-global-color-5)","background-image":"","background-repeat":"repeat","background-position":"center center","background-size":"auto","background-attachment":"scroll","background-type":"","background-media":"","overlay-type":"","overlay-color":"","overlay-opacity":"","overlay-gradient":""}},"footnotes":""},"class_list":["post-761","page","type-page","status-publish","hentry"],"uagb_featured_image_src":{"full":false,"thumbnail":false,"medium":false,"medium_large":false,"large":false,"1536x1536":false,"2048x2048":false,"woocommerce_thumbnail":false,"woocommerce_single":false,"woocommerce_gallery_thumbnail":false},"uagb_author_info":{"display_name":"jljvevtrgyfb","author_link":"https:\/\/labprodigi.com\/fatishop\/author\/jljvevtrgyfb\/"},"uagb_comment_info":0,"uagb_excerpt":"politique de confidentialit\u00c9 Chez\u00a0FatiShop, nous nous engageons \u00e0 prot\u00e9ger et \u00e0 respecter votre vie priv\u00e9e. Cette politique de confidentialit\u00e9 d\u00e9crit [&hellip;]","_links":{"self":[{"href":"https:\/\/labprodigi.com\/fatishop\/wp-json\/wp\/v2\/pages\/761","targetHints":{"allow":["GET"]}}],"collection":[{"href":"https:\/\/labprodigi.com\/fatishop\/wp-json\/wp\/v2\/pages"}],"about":[{"href":"https:\/\/labprodigi.com\/fatishop\/wp-json\/wp\/v2\/types\/page"}],"author":[{"embeddable":true,"href":"https:\/\/labprodigi.com\/fatishop\/wp-json\/wp\/v2\/users\/4"}],"replies":[{"embeddable":true,"href":"https:\/\/labprodigi.com\/fatishop\/wp-json\/wp\/v2\/comments?post=761"}],"version-history":[{"count":10,"href":"https:\/\/labprodigi.com\/fatishop\/wp-json\/wp\/v2\/pages\/761\/revisions"}],"predecessor-version":[{"id":826,"href":"https:\/\/labprodigi.com\/fatishop\/wp-json\/wp\/v2\/pages\/761\/revisions\/826"}],"wp:attachment":[{"href":"https:\/\/labprodigi.com\/fatishop\/wp-json\/wp\/v2\/media?parent=761"}],"curies":[{"name":"wp","href":"https:\/\/api.w.org\/{rel}","templated":true}]}}