{"id":757,"date":"2025-12-12T14:45:39","date_gmt":"2025-12-12T14:45:39","guid":{"rendered":"https:\/\/labprodigi.com\/fatishop\/?page_id=757"},"modified":"2025-12-12T17:45:31","modified_gmt":"2025-12-12T17:45:31","slug":"mentions-legales","status":"publish","type":"page","link":"https:\/\/labprodigi.com\/fatishop\/mentions-legales\/","title":{"rendered":"Mentions l\u00e9gales"},"content":{"rendered":"\t\t<div data-elementor-type=\"wp-page\" data-elementor-id=\"757\" class=\"elementor elementor-757\">\n\t\t\t\t<div class=\"elementor-element elementor-element-8b22d69 e-flex e-con-boxed e-con e-parent\" data-id=\"8b22d69\" data-element_type=\"container\" data-e-type=\"container\">\n\t\t\t\t\t<div class=\"e-con-inner\">\n\t\t\t\t<div class=\"elementor-element elementor-element-8b67ed7 elementor-widget__width-inherit elementor-widget elementor-widget-heading\" data-id=\"8b67ed7\" data-element_type=\"widget\" data-e-type=\"widget\" data-widget_type=\"heading.default\">\n\t\t\t\t\t<h1 class=\"elementor-heading-title elementor-size-default\">mentions l\u00c9gales<\/h1>\t\t\t\t<\/div>\n\t\t\t\t\t<\/div>\n\t\t\t\t<\/div>\n\t\t<div class=\"elementor-element elementor-element-faab21d e-flex e-con-boxed e-con e-parent\" data-id=\"faab21d\" data-element_type=\"container\" data-e-type=\"container\">\n\t\t\t\t\t<div class=\"e-con-inner\">\n\t\t\t\t<div class=\"elementor-element elementor-element-67d8d52 elementor-widget elementor-widget-text-editor\" data-id=\"67d8d52\" data-element_type=\"widget\" data-e-type=\"widget\" data-widget_type=\"text-editor.default\">\n\t\t\t\t\t\t\t\t\t<p><strong>Avant-propos<\/strong><\/p><p>Les pr\u00e9sentes conditions g\u00e9n\u00e9rales fixent les modalit\u00e9s d\u2019utilisation du service web\u00a0<a href=\"https:\/\/fatishop.fr\">Fatishop<\/a><\/p><p>L\u2019utilisateur reconna\u00eet avoir pris connaissance de ce document et avoir accept\u00e9 l\u2019ensemble de ces informations, que cet usage soit fait \u00e0 titre personnel ou professionnel. Si cet usage est fait \u00e0 titre professionnel, l\u2019utilisateur garantit d\u00e9tenir les pouvoirs n\u00e9cessaires pour accepter ces conditions g\u00e9n\u00e9rales au sein de son organisation. <a href=\"https:\/\/fatishop.fr\">Fatishop<\/a><\/p><p>Le site: <a href=\"https:\/\/fatishop.fr\">Fatishop<\/a> est \u00e9dit\u00e9 par <a href=\"https:\/\/fatishop.fr\">Fatishop<\/a>, entreprise immatricul\u00e9e en FRANCE ( n\u00b0 d\u2019entreprise 912 799 814 R.C.S ), dont le si\u00e8ge social est situ\u00e9 \u00e0 LISSAY-LOCHY.<\/p><p>Email:\u00a0<a href=\"mailto:contact@fatishop.fr\">contact@fatishop.fr<\/a><\/p><p><strong>H\u00e9bergement<\/strong><\/p><p>Ce site est h\u00e9berg\u00e9 par la soci\u00e9t\u00e9\u00a0Wordpress<\/p><p>60 29th Street #343San Francisco, Californie 94110<\/p><p>les \u00e9tats-unis d\u2019Am\u00e9rique<\/p><p><strong>D\u00e9claration CNIL<\/strong><\/p><p>Le pr\u00e9sent blog et le traitement des donn\u00e9es \u00e0 caract\u00e8re personnel qui en d\u00e9coule font l\u2019objet d\u2019une d\u00e9claration \u00e0 la CNIL (Commission Nationale Informatique et Libert\u00e9s).<\/p><p><strong>Responsabilit\u00e9<\/strong><\/p><p>L\u2019\u00e9diteur du site met \u00e0 disposition un large contenu d\u2019informations gratuit. Il s\u2019assure en permanence de mettre les moyens \u00e0 sa disposition pour s\u2019assurer de la qualit\u00e9 de ces contenus.<\/p><p><strong>Responsabilit\u00e9 dans l\u2019utilisation du service<\/strong><\/p><p>L\u2019utilisateur s\u2019engage \u00e0 ne pas perturber le fonctionnement du service offert sur\u00a0<\/p><p><a href=\"https:\/\/fatishop.fr\/\" target=\"_blank\" rel=\"noreferrer noopener\">https:\/\/fatishop.fr<\/a><\/p><p>\u00a0de quelques mani\u00e8res que ce soit. De plus l\u2019utilisateur s\u2019engage \u00e0 ne pas :<\/p><ul class=\"wp-block-list\"><li>Recueillir ou de faire utilisation des donn\u00e9es personnelles pr\u00e9sentes sur ce site<\/li><li>Copier le contenu de ce site et de le publier sur un autre sans notre accord<\/li><\/ul><p>Enfin, l\u2019utilisateur s\u2019engage \u00e0 s\u2019abstenir de poster des messages illicites, diffamants ou insultants sur tout ou partie du site. L\u2019utilisateur s\u2019engage \u00e9galement \u00e0 fournir des donn\u00e9es personnelles v\u00e9ridiques, exactes et compl\u00e8tes.<\/p><p><strong>Cookies<\/strong><\/p><p>L\u2019utilisateur est inform\u00e9 que des cookies peuvent s\u2019installer sur son navigateur. Dans tous les cas l\u2019utilisateur peut librement effacer ses cookies de son navigateur.<\/p><p><strong>Traitements de donn\u00e9es personnelles<\/strong><\/p><p>Le pr\u00e9sent site est susceptible d\u2019utiliser d\u2019autres cookies et les outils de statistiques peuvent \u00e9galement prendre connaissance de donn\u00e9es vous concernant (notamment : adresse IP, page d\u2019entr\u00e9e, page de sortie, syst\u00e8me d\u2019exploitation utilis\u00e9, navigateur utilis\u00e9, horaire de consultation\u2026).<\/p><p>Comme outil de statistiques, ce site utilise notamment Google Analytics. Il est impos\u00e9 aux sites utilisant ce service de mentionner un texte type pour les visiteurs, texte qui est ins\u00e9r\u00e9 dans le paragraphe suivant et entre des guillemets :<\/p><p>\u00ab Ce site utilise Google Analytics, un service d\u2019analyse de site internet fourni par Google Inc. ( \u00bb Google \u00ab ). Google Analytics utilise des cookies, qui sont des fichiers texte plac\u00e9s sur votre ordinateur, pour aider le site internet \u00e0 analyser l\u2019utilisation du site par ses utilisateurs. Les donn\u00e9es g\u00e9n\u00e9r\u00e9es par les cookies concernant votre utilisation du site (y compris votre adresse IP) seront transmises et stock\u00e9es par Google sur des serveurs situ\u00e9s aux Etats-Unis. Google utilisera cette information dans le but d\u2019\u00e9valuer votre utilisation du site, de compiler des rapports sur l\u2019activit\u00e9 du site \u00e0 destination de son \u00e9diteur et de fournir d\u2019autres services relatifs \u00e0 l\u2019activit\u00e9 du site et \u00e0 l\u2019utilisation d\u2019Internet. Google est susceptible de communiquer ces donn\u00e9es \u00e0 des tiers en cas d\u2019obligation l\u00e9gale ou lorsque ces tiers traitent ces donn\u00e9es pour le compte de Google, y compris notamment l\u2019\u00e9diteur de ce site. Google ne recoupera pas votre adresse IP avec toute autre donn\u00e9e d\u00e9tenue par Google. Vous pouvez d\u00e9sactiver l\u2019utilisation de cookies en s\u00e9lectionnant les param\u00e8tres appropri\u00e9s de votre navigateur. Cependant, une telle d\u00e9sactivation pourrait emp\u00eacher l\u2019utilisation de certaines fonctionnalit\u00e9s de ce site. En utilisant ce site internet, vous consentez express\u00e9ment au traitement de vos donn\u00e9es nominatives par Google dans les conditions et pour les finalit\u00e9s d\u00e9crites ci-dessus. \u00bb<\/p><p>Les emails :\u00a0Pour chacun de ces traitements, l\u2019utilisateur dispose d\u2019un droit d\u2019interrogation, d\u2019acc\u00e8s, de modification, d\u2019opposition et de rectification sur les donn\u00e9es personnelles le concernant : il est possible de demander que ces donn\u00e9es soient rectifi\u00e9es, compl\u00e9t\u00e9es, clarifi\u00e9es, mises \u00e0 jour ou effac\u00e9es.<\/p><p>En particulier, il est possible de se d\u00e9sinscrire de la newsletter du site gr\u00e2ce \u00e0 un lien situ\u00e9 en bas de chaque email envoy\u00e9.<\/p><p>Ces droits peuvent \u00eatre exerc\u00e9s en \u00e9crivant dans la section Contact.<\/p><p>En joignant \u00e0 votre demande une photocopie de votre pi\u00e8ce d\u2019identit\u00e9. Vous pouvez \u00e9galement acc\u00e9der et modifier vos donn\u00e9es personnelles (pr\u00e9nom et email) \u00e0 tout moment en cliquant sur le lien bleu pr\u00e9sent \u00e0 la fin de chaque email envoy\u00e9. La finalit\u00e9 de ces emails est de recevoir des conseils au travers de l\u2019envoi d\u2019emails d\u2019information et\/ou de promotion de produits ou services. Tout comme vous, nous ha\u00efssons les spams, et ici votre vie priv\u00e9e est respect\u00e9e : Votre adresse email ne sera jamais vendue ou partag\u00e9e avec qui que ce soit.<\/p><p>Donn\u00e9es obligatoires\/facultatives\u00a0: Pour recevoir la newsletter vous devez indiquer pr\u00e9nom et votre adresse email pour pouvoir vous inscrire. Pas d\u2019email, ni de pr\u00e9nom : pas de newsletter, ni de vid\u00e9o.<\/p><p>Destinataires\u00a0: Les destinataires de ces traitements sont les personnes inscrites \u00e0 la newsletter, l\u2019\u00e9diteur du site et ses sous-traitants.<\/p><p><strong>Propri\u00e9t\u00e9<\/strong><\/p><p>Ce site est la propri\u00e9t\u00e9 exclusive d\u2019 <a href=\"https:\/\/fatishop.fr\">Fatishop<\/a>. La publication et l\u2019\u00e9dition est \u00e9galement g\u00e9r\u00e9 par<a href=\"https:\/\/fatishop.fr\">Fatishop<\/a>. Brevet d\u00e9pos\u00e9.<\/p><p><a href=\"https:\/\/fatishop.fr\">Fatishop<\/a>\u2013 Tous droits r\u00e9serv\u00e9s \u2013 12\/12\/2025<\/p>\t\t\t\t\t\t\t\t<\/div>\n\t\t\t\t\t<\/div>\n\t\t\t\t<\/div>\n\t\t\t\t<\/div>\n\t\t","protected":false},"excerpt":{"rendered":"<p>mentions l\u00c9gales Avant-propos Les pr\u00e9sentes conditions g\u00e9n\u00e9rales fixent les modalit\u00e9s d\u2019utilisation du service web\u00a0Fatishop L\u2019utilisateur reconna\u00eet avoir pris connaissance de [&hellip;]<\/p>\n","protected":false},"author":4,"featured_media":0,"parent":0,"menu_order":0,"comment_status":"closed","ping_status":"closed","template":"","meta":{"_eb_attr":"","_uag_custom_page_level_css":"","site-sidebar-layout":"no-sidebar","site-content-layout":"","ast-site-content-layout":"full-width-container","site-content-style":"default","site-sidebar-style":"default","ast-global-header-display":"","ast-banner-title-visibility":"","ast-main-header-display":"","ast-hfb-above-header-display":"","ast-hfb-below-header-display":"","ast-hfb-mobile-header-display":"","site-post-title":"disabled","ast-breadcrumbs-content":"","ast-featured-img":"disabled","footer-sml-layout":"","ast-disable-related-posts":"","theme-transparent-header-meta":"","adv-header-id-meta":"","stick-header-meta":"","header-above-stick-meta":"","header-main-stick-meta":"","header-below-stick-meta":"","astra-migrate-meta-layouts":"default","ast-page-background-enabled":"default","ast-page-background-meta":{"desktop":{"background-color":"var(--ast-global-color-4)","background-image":"","background-repeat":"repeat","background-position":"center center","background-size":"auto","background-attachment":"scroll","background-type":"","background-media":"","overlay-type":"","overlay-color":"","overlay-opacity":"","overlay-gradient":""},"tablet":{"background-color":"","background-image":"","background-repeat":"repeat","background-position":"center center","background-size":"auto","background-attachment":"scroll","background-type":"","background-media":"","overlay-type":"","overlay-color":"","overlay-opacity":"","overlay-gradient":""},"mobile":{"background-color":"","background-image":"","background-repeat":"repeat","background-position":"center center","background-size":"auto","background-attachment":"scroll","background-type":"","background-media":"","overlay-type":"","overlay-color":"","overlay-opacity":"","overlay-gradient":""}},"ast-content-background-meta":{"desktop":{"background-color":"var(--ast-global-color-5)","background-image":"","background-repeat":"repeat","background-position":"center center","background-size":"auto","background-attachment":"scroll","background-type":"","background-media":"","overlay-type":"","overlay-color":"","overlay-opacity":"","overlay-gradient":""},"tablet":{"background-color":"var(--ast-global-color-5)","background-image":"","background-repeat":"repeat","background-position":"center center","background-size":"auto","background-attachment":"scroll","background-type":"","background-media":"","overlay-type":"","overlay-color":"","overlay-opacity":"","overlay-gradient":""},"mobile":{"background-color":"var(--ast-global-color-5)","background-image":"","background-repeat":"repeat","background-position":"center center","background-size":"auto","background-attachment":"scroll","background-type":"","background-media":"","overlay-type":"","overlay-color":"","overlay-opacity":"","overlay-gradient":""}},"footnotes":""},"class_list":["post-757","page","type-page","status-publish","hentry"],"uagb_featured_image_src":{"full":false,"thumbnail":false,"medium":false,"medium_large":false,"large":false,"1536x1536":false,"2048x2048":false,"woocommerce_thumbnail":false,"woocommerce_single":false,"woocommerce_gallery_thumbnail":false},"uagb_author_info":{"display_name":"jljvevtrgyfb","author_link":"https:\/\/labprodigi.com\/fatishop\/author\/jljvevtrgyfb\/"},"uagb_comment_info":0,"uagb_excerpt":"mentions l\u00c9gales Avant-propos Les pr\u00e9sentes conditions g\u00e9n\u00e9rales fixent les modalit\u00e9s d\u2019utilisation du service web\u00a0Fatishop L\u2019utilisateur reconna\u00eet avoir pris connaissance de [&hellip;]","_links":{"self":[{"href":"https:\/\/labprodigi.com\/fatishop\/wp-json\/wp\/v2\/pages\/757","targetHints":{"allow":["GET"]}}],"collection":[{"href":"https:\/\/labprodigi.com\/fatishop\/wp-json\/wp\/v2\/pages"}],"about":[{"href":"https:\/\/labprodigi.com\/fatishop\/wp-json\/wp\/v2\/types\/page"}],"author":[{"embeddable":true,"href":"https:\/\/labprodigi.com\/fatishop\/wp-json\/wp\/v2\/users\/4"}],"replies":[{"embeddable":true,"href":"https:\/\/labprodigi.com\/fatishop\/wp-json\/wp\/v2\/comments?post=757"}],"version-history":[{"count":13,"href":"https:\/\/labprodigi.com\/fatishop\/wp-json\/wp\/v2\/pages\/757\/revisions"}],"predecessor-version":[{"id":816,"href":"https:\/\/labprodigi.com\/fatishop\/wp-json\/wp\/v2\/pages\/757\/revisions\/816"}],"wp:attachment":[{"href":"https:\/\/labprodigi.com\/fatishop\/wp-json\/wp\/v2\/media?parent=757"}],"curies":[{"name":"wp","href":"https:\/\/api.w.org\/{rel}","templated":true}]}}