{"id":285,"date":"2025-12-10T16:09:18","date_gmt":"2025-12-10T16:09:18","guid":{"rendered":"https:\/\/triumphant-thibaud-3o.zipwp.dev\/?page_id=285"},"modified":"2025-12-12T01:53:18","modified_gmt":"2025-12-12T01:53:18","slug":"about","status":"publish","type":"page","link":"https:\/\/labprodigi.com\/fatishop\/about\/","title":{"rendered":"About"},"content":{"rendered":"\n<div class=\"wp-block-uagb-container uagb-block-e5273690 alignfull uagb-is-root-container\"><div class=\"uagb-container-inner-blocks-wrap\">\n<div class=\"wp-block-uagb-advanced-heading uagb-block-33a27d5e\"><p class=\"uagb-desc-text\">\u00c0 Propos<\/p><h1 class=\"uagb-heading-text\">D\u00e9couvrez l&rsquo;univers de Fati Shop<\/h1><\/div>\n<\/div><\/div>\n\n\n\n<div class=\"wp-block-uagb-container uagb-block-9c178f25 alignfull uagb-is-root-container\"><div class=\"uagb-container-inner-blocks-wrap\">\n<div class=\"wp-block-uagb-info-box uagb-block-dfb8da0d uagb-infobox__content-wrap  uagb-infobox-icon-above-title uagb-infobox-image-valign-top\"><div class=\"uagb-ifb-content\"><div class=\"uagb-ifb-title-wrap\"><p class=\"uagb-ifb-title-prefix\">Notre Histoire<\/p><h2 class=\"uagb-ifb-title\">L&rsquo;essor d&rsquo;une passion pour la mode<\/h2><\/div><p class=\"uagb-ifb-desc\">Fati Shop a vu le jour \u00e0 Aubervilliers, anim\u00e9e par la passion de la mode f\u00e9minine. Nous proposons une s\u00e9lection unique de kaftans et de tenues habill\u00e9es qui marient modernit\u00e9 et tradition. Notre objectif est de toucher toutes les femmes en cherchant \u00e0 rendre leurs moments de shopping agr\u00e9ables et m\u00e9morables. Nous croyons en l\u2019expression de soi \u00e0 travers le style et travaillons chaque jour pour offrir ce qu&rsquo;il y a de mieux.<\/p><\/div><\/div>\n\n\n\n<div class=\"wp-block-uagb-container uagb-block-f884edc1\">\n<div class=\"wp-block-uagb-image uagb-block-4ee039c4 wp-block-uagb-image--layout-default wp-block-uagb-image--effect-static wp-block-uagb-image--align-none\"><figure class=\"wp-block-uagb-image__figure\"><img loading=\"lazy\" decoding=\"async\" srcset=\"https:\/\/labprodigi.com\/fatishop\/wp-content\/uploads\/2025\/12\/woman-in-blue-dress-dancing-with-a-man-in-blue-shirt-6192554.jpeg ,https:\/\/labprodigi.com\/fatishop\/wp-content\/uploads\/2025\/12\/woman-in-blue-dress-dancing-with-a-man-in-blue-shirt-6192554.jpeg 780w, https:\/\/labprodigi.com\/fatishop\/wp-content\/uploads\/2025\/12\/woman-in-blue-dress-dancing-with-a-man-in-blue-shirt-6192554.jpeg 360w\" sizes=\"auto, (max-width: 480px) 150px\" src=\"https:\/\/labprodigi.com\/fatishop\/wp-content\/uploads\/2025\/12\/woman-in-blue-dress-dancing-with-a-man-in-blue-shirt-6192554.jpeg\" alt=\"A stylish couple enjoys a moment in traditional African outfits, exuding cultural pride.\" class=\"uag-image-562\" width=\"330\" height=\"330\" title=\"our-story-02\" loading=\"lazy\" role=\"img\"\/><\/figure><\/div>\n<\/div>\n<\/div><\/div>\n\n\n\n<div class=\"wp-block-uagb-container uagb-block-8b322637 alignfull uagb-is-root-container\"><div class=\"uagb-container-inner-blocks-wrap\">\n<div class=\"wp-block-uagb-info-box uagb-block-7181397d uagb-infobox__content-wrap  uagb-infobox-icon-above-title uagb-infobox-image-valign-top\"><div class=\"uagb-ifb-content\"><div class=\"uagb-ifb-icon-wrap\"><svg xmlns=\"https:\/\/www.w3.org\/2000\/svg\" viewBox=\"0 0 448 512\"><path d=\"M96 96C42.98 96 0 138.1 0 192s42.98 96 96 96c11.28 0 21.95-2.305 32-5.879V288c0 35.3-28.7 64-64 64c-17.67 0-32 14.33-32 32s14.33 32 32 32c70.58 0 128-57.42 128-128V192C192 138.1 149 96 96 96zM448 192c0-53.02-42.98-96-96-96s-96 42.98-96 96s42.98 96 96 96c11.28 0 21.95-2.305 32-5.879V288c0 35.3-28.7 64-64 64c-17.67 0-32 14.33-32 32s14.33 32 32 32c70.58 0 128-57.42 128-128V192z\"><\/path><\/svg><\/div><div class=\"uagb-ifb-title-wrap\"><p class=\"uagb-ifb-title\">Je suis ravie de ma derni\u00e8re commande, les v\u00eatements sont magnifiques et de tr\u00e8s bonne qualit\u00e9. Je reviendrai avec plaisir !<\/p><\/div><\/div><\/div>\n\n\n\n<div class=\"wp-block-uagb-info-box uagb-block-ecd8d945 uagb-infobox__content-wrap  uagb-infobox-icon-above-title uagb-infobox-image-valign-top\"><div class=\"uagb-ifb-content\"><div class=\"uagb-ifb-image-content\"><img loading=\"lazy\" decoding=\"async\" src=\"https:\/\/labprodigi.com\/fatishop\/wp-content\/uploads\/2025\/12\/4-150x150.jpg\" alt=\"\" width=\"64\" height=\"64\" loading=\"lazy\"\/><\/div><div class=\"uagb-ifb-title-wrap\"><p class=\"uagb-ifb-title\">Yasmine Wallafahdi<\/p><\/div><\/div><\/div>\n<\/div><\/div>\n\n\n\n<div class=\"wp-block-uagb-container uagb-layout-grid uagb-block-3abf574c alignfull uagb-is-root-container\"><div class=\"uagb-container-inner-blocks-wrap\">\n<div class=\"wp-block-uagb-image uagb-block-9e45daf6 wp-block-uagb-image--layout-default wp-block-uagb-image--effect-static wp-block-uagb-image--align-none\"><figure class=\"wp-block-uagb-image__figure\"><img loading=\"lazy\" decoding=\"async\" srcset=\"https:\/\/labprodigi.com\/fatishop\/wp-content\/uploads\/2025\/12\/woman-in-blue-and-red-floral-dress-sitting-on-floor-beside-a-table-6192364.jpeg ,https:\/\/labprodigi.com\/fatishop\/wp-content\/uploads\/2025\/12\/woman-in-blue-and-red-floral-dress-sitting-on-floor-beside-a-table-6192364.jpeg 780w, https:\/\/labprodigi.com\/fatishop\/wp-content\/uploads\/2025\/12\/woman-in-blue-and-red-floral-dress-sitting-on-floor-beside-a-table-6192364.jpeg 360w\" sizes=\"auto, (max-width: 480px) 150px\" src=\"https:\/\/labprodigi.com\/fatishop\/wp-content\/uploads\/2025\/12\/woman-in-blue-and-red-floral-dress-sitting-on-floor-beside-a-table-6192364.jpeg\" alt=\"Elegant woman celebrating Kwanzaa with traditional attire and festive kinara setup.\" class=\"uag-image-567\" width=\"590\" height=\"530\" title=\"our-mission-01\" loading=\"lazy\" role=\"img\"\/><\/figure><\/div>\n\n\n\n<div class=\"wp-block-uagb-container uagb-block-ddebfa70\">\n<div class=\"wp-block-uagb-info-box uagb-block-9c2a3491 uagb-infobox__content-wrap  uagb-infobox-icon-above-title uagb-infobox-image-valign-top\"><div class=\"uagb-ifb-content\"><div class=\"uagb-ifb-title-wrap\"><p class=\"uagb-ifb-title-prefix\">Notre Mission<\/p><h3 class=\"uagb-ifb-title\">Red\u00e9finir la mode f\u00e9minine<\/h3><\/div><p class=\"uagb-ifb-desc\">Offrir une exp\u00e9rience d&rsquo;achat unique en ligne, tout en mettant en avant la beaut\u00e9 et l&rsquo;\u00e9l\u00e9gance des v\u00eatements f\u00e9minins traditionnels et modernes.<\/p><\/div><\/div>\n\n\n\n<div class=\"wp-block-uagb-info-box uagb-block-5a41b2ea uagb-infobox__content-wrap  uagb-infobox-icon-above-title uagb-infobox-image-valign-top\"><div class=\"uagb-ifb-content\"><div class=\"uagb-ifb-title-wrap\"><p class=\"uagb-ifb-title-prefix\">Nos Valeurs<\/p><h3 class=\"uagb-ifb-title\">Engagement envers l&rsquo;authenticit\u00e9<\/h3><\/div><p class=\"uagb-ifb-desc\">Nous valorisons l&rsquo;authenticit\u00e9, la qualit\u00e9 et la diversit\u00e9 dans notre s\u00e9lection de v\u00eatements, car chaque femme m\u00e9rite de se sentir belle et \u00e9l\u00e9gante.<\/p><\/div><\/div>\n<\/div>\n<\/div><\/div>\n\n\n\n<div class=\"wp-block-uagb-container uagb-block-c8563919 alignfull uagb-is-root-container\"><div class=\"uagb-container-inner-blocks-wrap\">\n<div class=\"wp-block-uagb-advanced-heading uagb-block-01222bb0\"><p class=\"uagb-desc-text\">R\u00e9compenses et R\u00e9alisations<\/p><h2 class=\"uagb-heading-text\">Nos distinctions prestigieuses<\/h2><\/div>\n\n\n\n<div class=\"wp-block-uagb-container uagb-layout-grid uagb-block-de7ef132\">\n<div class=\"wp-block-uagb-info-box uagb-block-a7cde506 uagb-infobox__content-wrap  uagb-infobox-icon-above-title uagb-infobox-image-valign-top\"><div class=\"uagb-ifb-content\"><div class=\"uagb-ifb-title-wrap\"><p class=\"uagb-ifb-title-prefix\">Prix 01<\/p><p class=\"uagb-ifb-title\">Meilleure Boutique Innovante<\/p><\/div><p class=\"uagb-ifb-desc\">Reconnaissance pour notre approche avant-gardiste gr\u00e2ce \u00e0 une exp\u00e9rience d&rsquo;achat en ligne exceptionnelle.<\/p><\/div><\/div>\n\n\n\n<div class=\"wp-block-uagb-info-box uagb-block-722ce660 uagb-infobox__content-wrap  uagb-infobox-icon-above-title uagb-infobox-image-valign-top\"><div class=\"uagb-ifb-content\"><div class=\"uagb-ifb-title-wrap\"><p class=\"uagb-ifb-title-prefix\">Prix 02<\/p><p class=\"uagb-ifb-title\">Prix de la Mode \u00c9thique<\/p><\/div><p class=\"uagb-ifb-desc\">Distinction pour notre engagement envers des pratiques de mode responsables et durables.<\/p><\/div><\/div>\n\n\n\n<div class=\"wp-block-uagb-info-box uagb-block-ec024bec uagb-infobox__content-wrap  uagb-infobox-icon-above-title uagb-infobox-image-valign-top\"><div class=\"uagb-ifb-content\"><div class=\"uagb-ifb-title-wrap\"><p class=\"uagb-ifb-title-prefix\">Prix 03<\/p><p class=\"uagb-ifb-title\">\u00c9l\u00e9gance F\u00e9minine<\/p><\/div><p class=\"uagb-ifb-desc\">C\u00e9l\u00e9bration de notre impact significatif sur la mode f\u00e9minine, alliant tradition et modernit\u00e9.<\/p><\/div><\/div>\n\n\n\n<div class=\"wp-block-uagb-info-box uagb-block-9febdc07 uagb-infobox__content-wrap  uagb-infobox-icon-above-title uagb-infobox-image-valign-top\"><div class=\"uagb-ifb-content\"><div class=\"uagb-ifb-title-wrap\"><p class=\"uagb-ifb-title-prefix\">Prix 04<\/p><p class=\"uagb-ifb-title\">Choix des Clients<\/p><\/div><p class=\"uagb-ifb-desc\">\u00c9valuation positive continue de nos clientes, t\u00e9moignant de notre capacit\u00e9 \u00e0 satisfaire leurs besoins de mode.<\/p><\/div><\/div>\n<\/div>\n<\/div><\/div>\n","protected":false},"excerpt":{"rendered":"<p>\u00c0 Propos D\u00e9couvrez l&rsquo;univers de Fati Shop R\u00e9compenses et R\u00e9alisations Nos distinctions prestigieuses<\/p>\n","protected":false},"author":4,"featured_media":0,"parent":0,"menu_order":0,"comment_status":"closed","ping_status":"closed","template":"","meta":{"_eb_attr":"","_uag_custom_page_level_css":"","site-sidebar-layout":"default","site-content-layout":"","ast-site-content-layout":"default","site-content-style":"default","site-sidebar-style":"default","ast-global-header-display":"","ast-banner-title-visibility":"","ast-main-header-display":"","ast-hfb-above-header-display":"","ast-hfb-below-header-display":"","ast-hfb-mobile-header-display":"","site-post-title":"disabled","ast-breadcrumbs-content":"","ast-featured-img":"","footer-sml-layout":"","ast-disable-related-posts":"","theme-transparent-header-meta":"enabled","adv-header-id-meta":"","stick-header-meta":"","header-above-stick-meta":"","header-main-stick-meta":"","header-below-stick-meta":"","astra-migrate-meta-layouts":"default","ast-page-background-enabled":"default","ast-page-background-meta":{"desktop":{"background-color":"var(--ast-global-color-4)","background-image":"","background-repeat":"repeat","background-position":"center center","background-size":"auto","background-attachment":"scroll","background-type":"","background-media":"","overlay-type":"","overlay-color":"","overlay-opacity":"","overlay-gradient":""},"tablet":{"background-color":"","background-image":"","background-repeat":"repeat","background-position":"center center","background-size":"auto","background-attachment":"scroll","background-type":"","background-media":"","overlay-type":"","overlay-color":"","overlay-opacity":"","overlay-gradient":""},"mobile":{"background-color":"","background-image":"","background-repeat":"repeat","background-position":"center center","background-size":"auto","background-attachment":"scroll","background-type":"","background-media":"","overlay-type":"","overlay-color":"","overlay-opacity":"","overlay-gradient":""}},"ast-content-background-meta":{"desktop":{"background-color":"var(--ast-global-color-5)","background-image":"","background-repeat":"repeat","background-position":"center center","background-size":"auto","background-attachment":"scroll","background-type":"","background-media":"","overlay-type":"","overlay-color":"","overlay-opacity":"","overlay-gradient":""},"tablet":{"background-color":"var(--ast-global-color-5)","background-image":"","background-repeat":"repeat","background-position":"center center","background-size":"auto","background-attachment":"scroll","background-type":"","background-media":"","overlay-type":"","overlay-color":"","overlay-opacity":"","overlay-gradient":""},"mobile":{"background-color":"var(--ast-global-color-5)","background-image":"","background-repeat":"repeat","background-position":"center center","background-size":"auto","background-attachment":"scroll","background-type":"","background-media":"","overlay-type":"","overlay-color":"","overlay-opacity":"","overlay-gradient":""}},"footnotes":""},"class_list":["post-285","page","type-page","status-publish","hentry"],"uagb_featured_image_src":{"full":false,"thumbnail":false,"medium":false,"medium_large":false,"large":false,"1536x1536":false,"2048x2048":false,"woocommerce_thumbnail":false,"woocommerce_single":false,"woocommerce_gallery_thumbnail":false},"uagb_author_info":{"display_name":"jljvevtrgyfb","author_link":"https:\/\/labprodigi.com\/fatishop\/author\/jljvevtrgyfb\/"},"uagb_comment_info":0,"uagb_excerpt":"\u00c0 Propos D\u00e9couvrez l&rsquo;univers de Fati Shop R\u00e9compenses et R\u00e9alisations Nos distinctions prestigieuses","_links":{"self":[{"href":"https:\/\/labprodigi.com\/fatishop\/wp-json\/wp\/v2\/pages\/285","targetHints":{"allow":["GET"]}}],"collection":[{"href":"https:\/\/labprodigi.com\/fatishop\/wp-json\/wp\/v2\/pages"}],"about":[{"href":"https:\/\/labprodigi.com\/fatishop\/wp-json\/wp\/v2\/types\/page"}],"author":[{"embeddable":true,"href":"https:\/\/labprodigi.com\/fatishop\/wp-json\/wp\/v2\/users\/4"}],"replies":[{"embeddable":true,"href":"https:\/\/labprodigi.com\/fatishop\/wp-json\/wp\/v2\/comments?post=285"}],"version-history":[{"count":3,"href":"https:\/\/labprodigi.com\/fatishop\/wp-json\/wp\/v2\/pages\/285\/revisions"}],"predecessor-version":[{"id":756,"href":"https:\/\/labprodigi.com\/fatishop\/wp-json\/wp\/v2\/pages\/285\/revisions\/756"}],"wp:attachment":[{"href":"https:\/\/labprodigi.com\/fatishop\/wp-json\/wp\/v2\/media?parent=285"}],"curies":[{"name":"wp","href":"https:\/\/api.w.org\/{rel}","templated":true}]}}